{"id":835,"date":"2026-04-17T21:06:55","date_gmt":"2026-04-17T21:06:55","guid":{"rendered":"https:\/\/doubleclap.be\/?page_id=835"},"modified":"2026-04-17T21:27:02","modified_gmt":"2026-04-17T21:27:02","slug":"stage-face-camera-etre-dans-les-mains-dun-realisateur","status":"publish","type":"page","link":"https:\/\/doubleclap.be\/index.php\/stage-face-camera-etre-dans-les-mains-dun-realisateur\/","title":{"rendered":"Stage face cam\u00e9ra \u00ab\u00a0\u00eatre dans les mains d\u2019un r\u00e9alisateur\u00a0\u00bb"},"content":{"rendered":"<p>[et_pb_section fb_built=\u00a0\u00bb1&Prime; custom_padding_last_edited=\u00a0\u00bboff|phone\u00a0\u00bb admin_label=\u00a0\u00bbHeader\u00a0\u00bb _builder_version=\u00a0\u00bb4.27.5&Prime; use_background_color_gradient=\u00a0\u00bbon\u00a0\u00bb background_color_gradient_stops=\u00a0\u00bb#000000 0%|rgba(0,0,0,0.5) 100%\u00a0\u00bb background_color_gradient_overlays_image=\u00a0\u00bbon\u00a0\u00bb background_color_gradient_start=\u00a0\u00bb#000000&Prime; background_color_gradient_end=\u00a0\u00bbrgba(0,0,0,0.5)\u00a0\u00bb background_image=\u00a0\u00bbhttps:\/\/doubleclap.be\/wp-content\/uploads\/2026\/04\/A-photo-vert-1.jpg\u00a0\u00bb custom_padding=\u00a0\u00bb10vw||10vw||true|false\u00a0\u00bb hover_enabled=\u00a0\u00bb0&Prime; locked=\u00a0\u00bboff\u00a0\u00bb global_colors_info=\u00a0\u00bb{}\u00a0\u00bb theme_builder_area=\u00a0\u00bbpost_content\u00a0\u00bb alt=\u00a0\u00bbface cam\u00e9ra\u00a0\u00bb title_text=\u00a0\u00bbStage dans les mains d&rsquo;un r\u00e9alisateur\u00a0\u00bb sticky_enabled=\u00a0\u00bb0&Prime;][et_pb_row _builder_version=\u00a0\u00bb4.16&Prime; global_colors_info=\u00a0\u00bb{}\u00a0\u00bb theme_builder_area=\u00a0\u00bbpost_content\u00a0\u00bb][et_pb_column type=\u00a0\u00bb4_4&Prime; _builder_version=\u00a0\u00bb4.16&Prime; global_colors_info=\u00a0\u00bb{}\u00a0\u00bb theme_builder_area=\u00a0\u00bbpost_content\u00a0\u00bb][et_pb_text _builder_version=\u00a0\u00bb4.27.5&Prime; text_text_color=\u00a0\u00bbrgba(255,255,255,0.5)\u00a0\u00bb text_font_size=\u00a0\u00bb16px\u00a0\u00bb text_line_height=\u00a0\u00bb1.8em\u00a0\u00bb header_font=\u00a0\u00bbMontserrat|300||on|||||\u00a0\u00bb header_font_size=\u00a0\u00bb6vw\u00a0\u00bb header_line_height=\u00a0\u00bb1.2em\u00a0\u00bb header_3_font=\u00a0\u00bbMontserrat|700||on|||||\u00a0\u00bb header_3_text_color=\u00a0\u00bb#f9002b\u00a0\u00bb header_3_font_size=\u00a0\u00bb16px\u00a0\u00bb header_3_letter_spacing=\u00a0\u00bb2px\u00a0\u00bb header_3_line_height=\u00a0\u00bb1.4em\u00a0\u00bb text_orientation=\u00a0\u00bbcenter\u00a0\u00bb background_layout=\u00a0\u00bbdark\u00a0\u00bb hover_enabled=\u00a0\u00bb0&Prime; header_3_font_size_tablet=\u00a0\u00bb14px\u00a0\u00bb header_3_font_size_phone=\u00a0\u00bb\u00a0\u00bb header_3_font_size_last_edited=\u00a0\u00bbon|phone\u00a0\u00bb locked=\u00a0\u00bboff\u00a0\u00bb global_colors_info=\u00a0\u00bb{}\u00a0\u00bb theme_builder_area=\u00a0\u00bbpost_content\u00a0\u00bb sticky_enabled=\u00a0\u00bb0&Prime;]<\/p>\n<h3><\/h3>\n<h1><strong>Stage \u00eatre dans les mains d&rsquo;un r\u00e9alisateur<\/strong><\/h1>\n<p>[\/et_pb_text][et_pb_button button_text=\u00a0\u00bbcontact\u00a0\u00bb button_alignment=\u00a0\u00bbcenter\u00a0\u00bb _builder_version=\u00a0\u00bb4.27.5&Prime; custom_button=\u00a0\u00bbon\u00a0\u00bb button_text_size=\u00a0\u00bb14px\u00a0\u00bb button_text_color=\u00a0\u00bb#ffffff\u00a0\u00bb button_bg_color=\u00a0\u00bb#f9002b\u00a0\u00bb button_border_width=\u00a0\u00bb0px\u00a0\u00bb button_letter_spacing=\u00a0\u00bb2px\u00a0\u00bb button_font=\u00a0\u00bbMontserrat|600||on|||||\u00a0\u00bb button_icon=\u00a0\u00bb&#xe08a;||divi||400&Prime; button_icon_placement=\u00a0\u00bbleft\u00a0\u00bb button_on_hover=\u00a0\u00bboff\u00a0\u00bb custom_padding=\u00a0\u00bb15px|25px|15px|38px|true|false\u00a0\u00bb hover_enabled=\u00a0\u00bb0&Prime; locked=\u00a0\u00bboff\u00a0\u00bb global_colors_info=\u00a0\u00bb{}\u00a0\u00bb button_bg_color__hover=\u00a0\u00bb#6e42ff\u00a0\u00bb button_bg_color__hover_enabled=\u00a0\u00bbon|hover\u00a0\u00bb button_bg_enable_color__hover=\u00a0\u00bbon\u00a0\u00bb theme_builder_area=\u00a0\u00bbpost_content\u00a0\u00bb button_url=\u00a0\u00bb@ET-DC@eyJkeW5hbWljIjp0cnVlLCJjb250ZW50IjoicG9zdF9saW5rX3VybF9wYWdlIiwic2V0dGluZ3MiOnsicG9zdF9pZCI6IjIyOCJ9fQ==@\u00a0\u00bb _dynamic_attributes=\u00a0\u00bbbutton_url\u00a0\u00bb sticky_enabled=\u00a0\u00bb0&Prime;][\/et_pb_button][\/et_pb_column][\/et_pb_row][\/et_pb_section][et_pb_section fb_built=\u00a0\u00bb1&Prime; admin_label=\u00a0\u00bbPricing\u00a0\u00bb _builder_version=\u00a0\u00bb4.16&Prime; background_color=\u00a0\u00bb#000000&Prime; locked=\u00a0\u00bboff\u00a0\u00bb global_colors_info=\u00a0\u00bb{}\u00a0\u00bb theme_builder_area=\u00a0\u00bbpost_content\u00a0\u00bb][et_pb_row column_structure=\u00a0\u00bb1_3,1_3,1_3&Prime; _builder_version=\u00a0\u00bb4.16&Prime; locked=\u00a0\u00bboff\u00a0\u00bb global_colors_info=\u00a0\u00bb{}\u00a0\u00bb theme_builder_area=\u00a0\u00bbpost_content\u00a0\u00bb][et_pb_column type=\u00a0\u00bb1_3&Prime; _builder_version=\u00a0\u00bb4.16&Prime; custom_padding=\u00a0\u00bb80px|40px|80px|40px|true|true\u00a0\u00bb custom_padding_tablet=\u00a0\u00bb30px|30px|30px|30px|true|true\u00a0\u00bb custom_padding_phone=\u00a0\u00bb20px|20px|20px|20px|true|true\u00a0\u00bb custom_padding_last_edited=\u00a0\u00bbon|phone\u00a0\u00bb border_width_all=\u00a0\u00bb4px\u00a0\u00bb border_color_all=\u00a0\u00bbrgba(255,255,255,0.1)\u00a0\u00bb global_colors_info=\u00a0\u00bb{}\u00a0\u00bb theme_builder_area=\u00a0\u00bbpost_content\u00a0\u00bb][et_pb_text _builder_version=\u00a0\u00bb4.27.5&Prime; header_3_font=\u00a0\u00bbMontserrat|700|||||||\u00a0\u00bb header_3_line_height=\u00a0\u00bb1.2em\u00a0\u00bb background_layout=\u00a0\u00bbdark\u00a0\u00bb max_width=\u00a0\u00bb600px\u00a0\u00bb hover_enabled=\u00a0\u00bb0&Prime; header_3_font_size_tablet=\u00a0\u00bb20px\u00a0\u00bb header_3_font_size_phone=\u00a0\u00bb18px\u00a0\u00bb header_3_font_size_last_edited=\u00a0\u00bbon|phone\u00a0\u00bb locked=\u00a0\u00bboff\u00a0\u00bb global_colors_info=\u00a0\u00bb{}\u00a0\u00bb theme_builder_area=\u00a0\u00bbpost_content\u00a0\u00bb sticky_enabled=\u00a0\u00bb0&Prime;]<\/p>\n<h3>Les 18,19, 20 et 21 juillet. De 10 \u00e0 17h le 20 juillet de 18h30 \u00e0 21h30<\/h3>\n<p>Prix 350,00 \u20ac<\/p>\n<p>[\/et_pb_text][\/et_pb_column][et_pb_column type=\u00a0\u00bb1_3&Prime; _builder_version=\u00a0\u00bb4.16&Prime; custom_padding=\u00a0\u00bb80px|40px|80px|40px|true|true\u00a0\u00bb custom_padding_tablet=\u00a0\u00bb30px|30px|30px|30px|true|true\u00a0\u00bb custom_padding_phone=\u00a0\u00bb20px|20px|20px|20px|true|true\u00a0\u00bb custom_padding_last_edited=\u00a0\u00bbon|phone\u00a0\u00bb border_width_all=\u00a0\u00bb4px\u00a0\u00bb border_color_all=\u00a0\u00bbrgba(110,66,255,0.3)\u00a0\u00bb global_colors_info=\u00a0\u00bb{}\u00a0\u00bb theme_builder_area=\u00a0\u00bbpost_content\u00a0\u00bb][et_pb_text _builder_version=\u00a0\u00bb4.27.5&Prime; header_3_font=\u00a0\u00bbMontserrat|700|||||||\u00a0\u00bb header_3_line_height=\u00a0\u00bb1.2em\u00a0\u00bb background_layout=\u00a0\u00bbdark\u00a0\u00bb max_width=\u00a0\u00bb600px\u00a0\u00bb hover_enabled=\u00a0\u00bb0&Prime; header_3_font_size_tablet=\u00a0\u00bb20px\u00a0\u00bb header_3_font_size_phone=\u00a0\u00bb18px\u00a0\u00bb header_3_font_size_last_edited=\u00a0\u00bbon|phone\u00a0\u00bb locked=\u00a0\u00bboff\u00a0\u00bb global_colors_info=\u00a0\u00bb{}\u00a0\u00bb theme_builder_area=\u00a0\u00bbpost_content\u00a0\u00bb sticky_enabled=\u00a0\u00bb0&Prime;]<\/p>\n<p>Le r\u00e9alisateur. Qui est-il et son rapport avec les acteurs<\/p>\n<p>Le sc\u00e9nario et son traitement. Comprendre les outils de l&rsquo;acteur<\/p>\n<p>Lecture du sc\u00e9nario et m\u00e9thodes pour la m\u00e9moire<\/p>\n<p>Lecture du sc\u00e9nario avec les acteurs et le r\u00e9alisateur<\/p>\n<p>[\/et_pb_text][\/et_pb_column][et_pb_column type=\u00a0\u00bb1_3&Prime; _builder_version=\u00a0\u00bb4.16&Prime; custom_padding=\u00a0\u00bb80px|40px|80px|40px|true|true\u00a0\u00bb custom_padding_tablet=\u00a0\u00bb30px|30px|30px|30px|true|true\u00a0\u00bb custom_padding_phone=\u00a0\u00bb20px|20px|20px|20px|true|true\u00a0\u00bb custom_padding_last_edited=\u00a0\u00bbon|desktop\u00a0\u00bb border_width_all=\u00a0\u00bb4px\u00a0\u00bb border_color_all=\u00a0\u00bbrgba(249,0,43,0.3)\u00a0\u00bb global_colors_info=\u00a0\u00bb{}\u00a0\u00bb theme_builder_area=\u00a0\u00bbpost_content\u00a0\u00bb][et_pb_text _builder_version=\u00a0\u00bb4.27.5&Prime; header_3_font=\u00a0\u00bbMontserrat|700|||||||\u00a0\u00bb header_3_line_height=\u00a0\u00bb1.2em\u00a0\u00bb background_layout=\u00a0\u00bbdark\u00a0\u00bb max_width=\u00a0\u00bb600px\u00a0\u00bb hover_enabled=\u00a0\u00bb0&Prime; header_3_font_size_tablet=\u00a0\u00bb20px\u00a0\u00bb header_3_font_size_phone=\u00a0\u00bb18px\u00a0\u00bb header_3_font_size_last_edited=\u00a0\u00bbon|phone\u00a0\u00bb locked=\u00a0\u00bboff\u00a0\u00bb global_colors_info=\u00a0\u00bb{}\u00a0\u00bb theme_builder_area=\u00a0\u00bbpost_content\u00a0\u00bb sticky_enabled=\u00a0\u00bb0&Prime;]<\/p>\n<p>Construire la Back-Story du personnage. O\u00f9 va, vient et o\u00f9 le personnage Exercices de pr\u00e9paration et les r\u00e9p\u00e9titions. \u00catre apte aux r\u00e9p\u00e9titions et am\u00e9liorer le personnage<\/p>\n<p>Conna\u00eetre la cam\u00e9ra et la magie des lumi\u00e8res. Jouer un plan-s\u00e9quence en action sur le plateau.<\/p>\n<p>[\/et_pb_text][\/et_pb_column][\/et_pb_row][\/et_pb_section][et_pb_section fb_built=\u00a0\u00bb1&Prime; admin_label=\u00a0\u00bbFooter\u00a0\u00bb _builder_version=\u00a0\u00bb4.16&Prime; use_background_color_gradient=\u00a0\u00bbon\u00a0\u00bb background_color_gradient_stops=\u00a0\u00bb#000000 0%|rgba(0,0,0,0) 50%\u00a0\u00bb background_color_gradient_overlays_image=\u00a0\u00bbon\u00a0\u00bb background_color_gradient_start=\u00a0\u00bb#000000&Prime; background_color_gradient_end=\u00a0\u00bbrgba(0,0,0,0)\u00a0\u00bb background_color_gradient_end_position=\u00a0\u00bb50%\u00a0\u00bb background_image=\u00a0\u00bbhttps:\/\/doubleclap.be\/wp-content\/uploads\/2025\/08\/theater-01.jpg\u00a0\u00bb locked=\u00a0\u00bboff\u00a0\u00bb global_colors_info=\u00a0\u00bb{}\u00a0\u00bb theme_builder_area=\u00a0\u00bbpost_content\u00a0\u00bb][et_pb_row column_structure=\u00a0\u00bb1_4,1_4,1_4,1_4&Prime; make_equal=\u00a0\u00bbon\u00a0\u00bb _builder_version=\u00a0\u00bb4.16&Prime; custom_padding=\u00a0\u00bb||0px|||\u00a0\u00bb locked=\u00a0\u00bboff\u00a0\u00bb global_colors_info=\u00a0\u00bb{}\u00a0\u00bb theme_builder_area=\u00a0\u00bbpost_content\u00a0\u00bb][et_pb_column type=\u00a0\u00bb1_4&Prime; _builder_version=\u00a0\u00bb4.16&Prime; global_colors_info=\u00a0\u00bb{}\u00a0\u00bb theme_builder_area=\u00a0\u00bbpost_content\u00a0\u00bb][et_pb_text _builder_version=\u00a0\u00bb4.27.5&Prime; header_2_font=\u00a0\u00bbMontserrat|300|||||||\u00a0\u00bb header_2_font_size=\u00a0\u00bb40px\u00a0\u00bb header_2_line_height=\u00a0\u00bb1.2em\u00a0\u00bb header_3_font=\u00a0\u00bbMontserrat|700||on|||||\u00a0\u00bb header_3_text_color=\u00a0\u00bb#f9002b\u00a0\u00bb header_3_font_size=\u00a0\u00bb16px\u00a0\u00bb header_3_letter_spacing=\u00a0\u00bb2px\u00a0\u00bb header_3_line_height=\u00a0\u00bb1.4em\u00a0\u00bb background_layout=\u00a0\u00bbdark\u00a0\u00bb max_width=\u00a0\u00bb600px\u00a0\u00bb hover_enabled=\u00a0\u00bb0&Prime; header_2_font_size_tablet=\u00a0\u00bb30px\u00a0\u00bb header_2_font_size_phone=\u00a0\u00bb20px\u00a0\u00bb header_2_font_size_last_edited=\u00a0\u00bbon|phone\u00a0\u00bb header_3_font_size_tablet=\u00a0\u00bb14px\u00a0\u00bb header_3_font_size_phone=\u00a0\u00bb\u00a0\u00bb header_3_font_size_last_edited=\u00a0\u00bbon|phone\u00a0\u00bb locked=\u00a0\u00bboff\u00a0\u00bb global_colors_info=\u00a0\u00bb{}\u00a0\u00bb theme_builder_area=\u00a0\u00bbpost_content\u00a0\u00bb alt=\u00a0\u00bbFormation-d&rsquo;acteur-\u00e0-Bruxelles\u00a0\u00bb title_text=\u00a0\u00bbDouble clap-\u00e9cole-art-dramatique-th\u00e9\u00e2tre-cin\u00e9ma\u00a0\u00bb background_image=\u00a0\u00bbhttps:\/\/doubleclap.be\/wp-content\/uploads\/2025\/11\/Double-clap02-tramparent-2.png\u00a0\u00bb custom_padding=\u00a0\u00bb||106px||false|false\u00a0\u00bb sticky_enabled=\u00a0\u00bb0&Prime;][\/et_pb_text][\/et_pb_column][et_pb_column type=\u00a0\u00bb1_4&Prime; _builder_version=\u00a0\u00bb4.16&Prime; global_colors_info=\u00a0\u00bb{}\u00a0\u00bb theme_builder_area=\u00a0\u00bbpost_content\u00a0\u00bb][et_pb_text _builder_version=\u00a0\u00bb4.27.5&Prime; text_line_height=\u00a0\u00bb1.8em\u00a0\u00bb link_text_align=\u00a0\u00bbleft\u00a0\u00bb link_text_color=\u00a0\u00bb#ffffff\u00a0\u00bb header_4_font=\u00a0\u00bbMontserrat|700||on|||||\u00a0\u00bb header_4_text_color=\u00a0\u00bbrgba(255,255,255,0.5)\u00a0\u00bb header_4_font_size=\u00a0\u00bb14px\u00a0\u00bb header_4_letter_spacing=\u00a0\u00bb2px\u00a0\u00bb header_4_line_height=\u00a0\u00bb1.4em\u00a0\u00bb background_layout=\u00a0\u00bbdark\u00a0\u00bb max_width=\u00a0\u00bb600px\u00a0\u00bb hover_enabled=\u00a0\u00bb0&Prime; locked=\u00a0\u00bboff\u00a0\u00bb global_colors_info=\u00a0\u00bb{}\u00a0\u00bb theme_builder_area=\u00a0\u00bbpost_content\u00a0\u00bb sticky_enabled=\u00a0\u00bb0&Prime;]<\/p>\n<h4>nos formations<\/h4>\n<p><span>Ateliers d\u2019acting le mardi soir, le mercredi soir, le samedi matin. Formation Pro le jour mardi\/merc. + tournages . Formation Pro le soir formule de 6 \u00e0 9 heures semaine. Des stages, des Masters Class.<\/span><\/p>\n<p>[\/et_pb_text][\/et_pb_column][et_pb_column type=\u00a0\u00bb1_4&Prime; _builder_version=\u00a0\u00bb4.16&Prime; global_colors_info=\u00a0\u00bb{}\u00a0\u00bb theme_builder_area=\u00a0\u00bbpost_content\u00a0\u00bb][et_pb_text _builder_version=\u00a0\u00bb4.27.5&Prime; text_line_height=\u00a0\u00bb1.8em\u00a0\u00bb link_text_align=\u00a0\u00bbleft\u00a0\u00bb link_text_color=\u00a0\u00bb#ffffff\u00a0\u00bb header_4_font=\u00a0\u00bbMontserrat|700||on|||||\u00a0\u00bb header_4_text_color=\u00a0\u00bbrgba(255,255,255,0.5)\u00a0\u00bb header_4_font_size=\u00a0\u00bb14px\u00a0\u00bb header_4_letter_spacing=\u00a0\u00bb2px\u00a0\u00bb header_4_line_height=\u00a0\u00bb1.4em\u00a0\u00bb background_layout=\u00a0\u00bbdark\u00a0\u00bb max_width=\u00a0\u00bb600px\u00a0\u00bb hover_enabled=\u00a0\u00bb0&Prime; locked=\u00a0\u00bboff\u00a0\u00bb global_colors_info=\u00a0\u00bb{}\u00a0\u00bb theme_builder_area=\u00a0\u00bbpost_content\u00a0\u00bb sticky_enabled=\u00a0\u00bb0&Prime;]<\/p>\n<h4>Movies<\/h4>\n<p>Le dernier train<\/p>\n<p>Intersections<\/p>\n<p>La cage aux oiseaux<\/p>\n<p>Putain d\u2019amendement<\/p>\n<p>Le th\u00e9or\u00e8me du faucon<\/p>\n<p>Time is Time (S\u00e9rie)<\/p>\n<p>[\/et_pb_text][\/et_pb_column][et_pb_column type=\u00a0\u00bb1_4&Prime; _builder_version=\u00a0\u00bb4.16&Prime; global_colors_info=\u00a0\u00bb{}\u00a0\u00bb theme_builder_area=\u00a0\u00bbpost_content\u00a0\u00bb][et_pb_text _builder_version=\u00a0\u00bb4.27.5&Prime; text_line_height=\u00a0\u00bb1.8em\u00a0\u00bb link_text_align=\u00a0\u00bbleft\u00a0\u00bb link_text_color=\u00a0\u00bb#ffffff\u00a0\u00bb header_4_font=\u00a0\u00bbMontserrat|700||on|||||\u00a0\u00bb header_4_text_color=\u00a0\u00bbrgba(255,255,255,0.5)\u00a0\u00bb header_4_font_size=\u00a0\u00bb14px\u00a0\u00bb header_4_letter_spacing=\u00a0\u00bb2px\u00a0\u00bb header_4_line_height=\u00a0\u00bb1.4em\u00a0\u00bb background_layout=\u00a0\u00bbdark\u00a0\u00bb max_width=\u00a0\u00bb600px\u00a0\u00bb hover_enabled=\u00a0\u00bb0&Prime; locked=\u00a0\u00bboff\u00a0\u00bb global_colors_info=\u00a0\u00bb{}\u00a0\u00bb theme_builder_area=\u00a0\u00bbpost_content\u00a0\u00bb sticky_enabled=\u00a0\u00bb0&Prime;]<\/p>\n<h4>Info<\/h4>\n<p>info@doubleclap.be<\/p>\n<p><a href=\"https:\/\/doubleclap.be\/#\">+32\/473\/27.20.91<\/a><\/p>\n<p><a href=\"https:\/\/doubleclap.be\/#\">304, chauss\u00e9e de Stockel<\/a><\/p>\n<p><a href=\"https:\/\/doubleclap.be\/#\">Woluwe-Saint-Lambert<\/a><\/p>\n<p>BCE : 1027293049<\/p>\n<p>[\/et_pb_text][\/et_pb_column][\/et_pb_row][\/et_pb_section]<\/p>\n","protected":false},"excerpt":{"rendered":"<p>Stage \u00eatre dans les mains d&rsquo;un r\u00e9alisateur&#8230;<\/p>\n","protected":false},"author":1,"featured_media":0,"parent":0,"menu_order":0,"comment_status":"closed","ping_status":"closed","template":"","meta":{"_et_pb_use_builder":"on","_et_pb_old_content":"","_et_gb_content_width":"","_kad_post_transparent":"","_kad_post_title":"","_kad_post_layout":"","_kad_post_sidebar_id":"","_kad_post_content_style":"","_kad_post_vertical_padding":"","_kad_post_feature":"","_kad_post_feature_position":"","_kad_post_header":false,"_kad_post_footer":false,"_kad_post_classname":"","footnotes":""},"class_list":["post-835","page","type-page","status-publish","hentry"],"yoast_head":"<!-- This site is optimized with the Yoast SEO plugin v27.4 - https:\/\/yoast.com\/product\/yoast-seo-wordpress\/ -->\n<title>Stage face cam\u00e9ra \u00ab\u00a0\u00eatre dans les mains d\u2019un r\u00e9alisateur\u00a0\u00bb - WordPress<\/title>\n<meta name=\"robots\" content=\"index, follow, max-snippet:-1, max-image-preview:large, max-video-preview:-1\" \/>\n<link rel=\"canonical\" href=\"https:\/\/doubleclap.be\/index.php\/stage-face-camera-etre-dans-les-mains-dun-realisateur\/\" \/>\n<meta property=\"og:locale\" content=\"fr_FR\" \/>\n<meta property=\"og:type\" content=\"article\" \/>\n<meta property=\"og:title\" content=\"Stage face cam\u00e9ra \u00ab\u00a0\u00eatre dans les mains d\u2019un r\u00e9alisateur\u00a0\u00bb - WordPress\" \/>\n<meta property=\"og:description\" content=\"Stage \u00eatre dans les mains d&rsquo;un r\u00e9alisateur...\" \/>\n<meta property=\"og:url\" content=\"https:\/\/doubleclap.be\/index.php\/stage-face-camera-etre-dans-les-mains-dun-realisateur\/\" \/>\n<meta property=\"og:site_name\" content=\"WordPress\" \/>\n<meta property=\"article:modified_time\" content=\"2026-04-17T21:27:02+00:00\" \/>\n<meta name=\"twitter:card\" content=\"summary_large_image\" \/>\n<meta name=\"twitter:site\" content=\"@home\" \/>\n<script type=\"application\/ld+json\" class=\"yoast-schema-graph\">{\"@context\":\"https:\\\/\\\/schema.org\",\"@graph\":[{\"@type\":\"WebPage\",\"@id\":\"https:\\\/\\\/doubleclap.be\\\/index.php\\\/stage-face-camera-etre-dans-les-mains-dun-realisateur\\\/\",\"url\":\"https:\\\/\\\/doubleclap.be\\\/index.php\\\/stage-face-camera-etre-dans-les-mains-dun-realisateur\\\/\",\"name\":\"Stage face cam\u00e9ra \u00ab\u00a0\u00eatre dans les mains d\u2019un r\u00e9alisateur\u00a0\u00bb - WordPress\",\"isPartOf\":{\"@id\":\"https:\\\/\\\/doubleclap.be\\\/#website\"},\"datePublished\":\"2026-04-17T21:06:55+00:00\",\"dateModified\":\"2026-04-17T21:27:02+00:00\",\"breadcrumb\":{\"@id\":\"https:\\\/\\\/doubleclap.be\\\/index.php\\\/stage-face-camera-etre-dans-les-mains-dun-realisateur\\\/#breadcrumb\"},\"inLanguage\":\"fr-FR\",\"potentialAction\":[{\"@type\":\"ReadAction\",\"target\":[\"https:\\\/\\\/doubleclap.be\\\/index.php\\\/stage-face-camera-etre-dans-les-mains-dun-realisateur\\\/\"]}]},{\"@type\":\"BreadcrumbList\",\"@id\":\"https:\\\/\\\/doubleclap.be\\\/index.php\\\/stage-face-camera-etre-dans-les-mains-dun-realisateur\\\/#breadcrumb\",\"itemListElement\":[{\"@type\":\"ListItem\",\"position\":1,\"name\":\"Accueil\",\"item\":\"https:\\\/\\\/doubleclap.be\\\/\"},{\"@type\":\"ListItem\",\"position\":2,\"name\":\"Stage face cam\u00e9ra \u00ab\u00a0\u00eatre dans les mains d\u2019un r\u00e9alisateur\u00a0\u00bb\"}]},{\"@type\":\"WebSite\",\"@id\":\"https:\\\/\\\/doubleclap.be\\\/#website\",\"url\":\"https:\\\/\\\/doubleclap.be\\\/\",\"name\":\"Double Clap\",\"description\":\"\",\"publisher\":{\"@id\":\"https:\\\/\\\/doubleclap.be\\\/#organization\"},\"potentialAction\":[{\"@type\":\"SearchAction\",\"target\":{\"@type\":\"EntryPoint\",\"urlTemplate\":\"https:\\\/\\\/doubleclap.be\\\/?s={search_term_string}\"},\"query-input\":{\"@type\":\"PropertyValueSpecification\",\"valueRequired\":true,\"valueName\":\"search_term_string\"}}],\"inLanguage\":\"fr-FR\"},{\"@type\":\"Organization\",\"@id\":\"https:\\\/\\\/doubleclap.be\\\/#organization\",\"name\":\"Double Clap\",\"url\":\"https:\\\/\\\/doubleclap.be\\\/\",\"logo\":{\"@type\":\"ImageObject\",\"inLanguage\":\"fr-FR\",\"@id\":\"https:\\\/\\\/doubleclap.be\\\/#\\\/schema\\\/logo\\\/image\\\/\",\"url\":\"https:\\\/\\\/doubleclap.be\\\/wp-content\\\/uploads\\\/2025\\\/11\\\/cropped-Double-clapv02-1-1-1.jpg\",\"contentUrl\":\"https:\\\/\\\/doubleclap.be\\\/wp-content\\\/uploads\\\/2025\\\/11\\\/cropped-Double-clapv02-1-1-1.jpg\",\"width\":1406,\"height\":1044,\"caption\":\"Double Clap\"},\"image\":{\"@id\":\"https:\\\/\\\/doubleclap.be\\\/#\\\/schema\\\/logo\\\/image\\\/\"},\"sameAs\":[\"https:\\\/\\\/x.com\\\/home\",\"https:\\\/\\\/www.linkedin.com\\\/feed\\\/\"]}]}<\/script>\n<!-- \/ Yoast SEO plugin. -->","yoast_head_json":{"title":"Stage face cam\u00e9ra \u00ab\u00a0\u00eatre dans les mains d\u2019un r\u00e9alisateur\u00a0\u00bb - WordPress","robots":{"index":"index","follow":"follow","max-snippet":"max-snippet:-1","max-image-preview":"max-image-preview:large","max-video-preview":"max-video-preview:-1"},"canonical":"https:\/\/doubleclap.be\/index.php\/stage-face-camera-etre-dans-les-mains-dun-realisateur\/","og_locale":"fr_FR","og_type":"article","og_title":"Stage face cam\u00e9ra \u00ab\u00a0\u00eatre dans les mains d\u2019un r\u00e9alisateur\u00a0\u00bb - WordPress","og_description":"Stage \u00eatre dans les mains d&rsquo;un r\u00e9alisateur...","og_url":"https:\/\/doubleclap.be\/index.php\/stage-face-camera-etre-dans-les-mains-dun-realisateur\/","og_site_name":"WordPress","article_modified_time":"2026-04-17T21:27:02+00:00","twitter_card":"summary_large_image","twitter_site":"@home","schema":{"@context":"https:\/\/schema.org","@graph":[{"@type":"WebPage","@id":"https:\/\/doubleclap.be\/index.php\/stage-face-camera-etre-dans-les-mains-dun-realisateur\/","url":"https:\/\/doubleclap.be\/index.php\/stage-face-camera-etre-dans-les-mains-dun-realisateur\/","name":"Stage face cam\u00e9ra \u00ab\u00a0\u00eatre dans les mains d\u2019un r\u00e9alisateur\u00a0\u00bb - WordPress","isPartOf":{"@id":"https:\/\/doubleclap.be\/#website"},"datePublished":"2026-04-17T21:06:55+00:00","dateModified":"2026-04-17T21:27:02+00:00","breadcrumb":{"@id":"https:\/\/doubleclap.be\/index.php\/stage-face-camera-etre-dans-les-mains-dun-realisateur\/#breadcrumb"},"inLanguage":"fr-FR","potentialAction":[{"@type":"ReadAction","target":["https:\/\/doubleclap.be\/index.php\/stage-face-camera-etre-dans-les-mains-dun-realisateur\/"]}]},{"@type":"BreadcrumbList","@id":"https:\/\/doubleclap.be\/index.php\/stage-face-camera-etre-dans-les-mains-dun-realisateur\/#breadcrumb","itemListElement":[{"@type":"ListItem","position":1,"name":"Accueil","item":"https:\/\/doubleclap.be\/"},{"@type":"ListItem","position":2,"name":"Stage face cam\u00e9ra \u00ab\u00a0\u00eatre dans les mains d\u2019un r\u00e9alisateur\u00a0\u00bb"}]},{"@type":"WebSite","@id":"https:\/\/doubleclap.be\/#website","url":"https:\/\/doubleclap.be\/","name":"Double Clap","description":"","publisher":{"@id":"https:\/\/doubleclap.be\/#organization"},"potentialAction":[{"@type":"SearchAction","target":{"@type":"EntryPoint","urlTemplate":"https:\/\/doubleclap.be\/?s={search_term_string}"},"query-input":{"@type":"PropertyValueSpecification","valueRequired":true,"valueName":"search_term_string"}}],"inLanguage":"fr-FR"},{"@type":"Organization","@id":"https:\/\/doubleclap.be\/#organization","name":"Double Clap","url":"https:\/\/doubleclap.be\/","logo":{"@type":"ImageObject","inLanguage":"fr-FR","@id":"https:\/\/doubleclap.be\/#\/schema\/logo\/image\/","url":"https:\/\/doubleclap.be\/wp-content\/uploads\/2025\/11\/cropped-Double-clapv02-1-1-1.jpg","contentUrl":"https:\/\/doubleclap.be\/wp-content\/uploads\/2025\/11\/cropped-Double-clapv02-1-1-1.jpg","width":1406,"height":1044,"caption":"Double Clap"},"image":{"@id":"https:\/\/doubleclap.be\/#\/schema\/logo\/image\/"},"sameAs":["https:\/\/x.com\/home","https:\/\/www.linkedin.com\/feed\/"]}]}},"_links":{"self":[{"href":"https:\/\/doubleclap.be\/index.php\/wp-json\/wp\/v2\/pages\/835","targetHints":{"allow":["GET"]}}],"collection":[{"href":"https:\/\/doubleclap.be\/index.php\/wp-json\/wp\/v2\/pages"}],"about":[{"href":"https:\/\/doubleclap.be\/index.php\/wp-json\/wp\/v2\/types\/page"}],"author":[{"embeddable":true,"href":"https:\/\/doubleclap.be\/index.php\/wp-json\/wp\/v2\/users\/1"}],"replies":[{"embeddable":true,"href":"https:\/\/doubleclap.be\/index.php\/wp-json\/wp\/v2\/comments?post=835"}],"version-history":[{"count":4,"href":"https:\/\/doubleclap.be\/index.php\/wp-json\/wp\/v2\/pages\/835\/revisions"}],"predecessor-version":[{"id":839,"href":"https:\/\/doubleclap.be\/index.php\/wp-json\/wp\/v2\/pages\/835\/revisions\/839"}],"wp:attachment":[{"href":"https:\/\/doubleclap.be\/index.php\/wp-json\/wp\/v2\/media?parent=835"}],"curies":[{"name":"wp","href":"https:\/\/api.w.org\/{rel}","templated":true}]}}