{"id":430,"date":"2025-08-28T13:07:47","date_gmt":"2025-08-28T13:07:47","guid":{"rendered":"https:\/\/doubleclap.be\/?page_id=430"},"modified":"2026-04-18T23:07:20","modified_gmt":"2026-04-18T23:07:20","slug":"admission","status":"publish","type":"page","link":"https:\/\/doubleclap.be\/index.php\/admission\/","title":{"rendered":"Admission"},"content":{"rendered":"<p>[et_pb_section fb_built=\u00a0\u00bb1&Prime; admin_label=\u00a0\u00bbHeader\u00a0\u00bb _builder_version=\u00a0\u00bb4.16&Prime; use_background_color_gradient=\u00a0\u00bbon\u00a0\u00bb background_color_gradient_stops=\u00a0\u00bbrgba(0,0,0,0.5) 0%|#000000 100%\u00a0\u00bb background_color_gradient_overlays_image=\u00a0\u00bbon\u00a0\u00bb background_color_gradient_start=\u00a0\u00bbrgba(0,0,0,0.5)\u00a0\u00bb background_color_gradient_end=\u00a0\u00bb#000000&Prime; background_image=\u00a0\u00bbhttps:\/\/doubleclap.be\/wp-content\/uploads\/2025\/08\/movie-02.jpg\u00a0\u00bb locked=\u00a0\u00bboff\u00a0\u00bb global_colors_info=\u00a0\u00bb{}\u00a0\u00bb][et_pb_row _builder_version=\u00a0\u00bb4.16&Prime; global_colors_info=\u00a0\u00bb{}\u00a0\u00bb][et_pb_column type=\u00a0\u00bb4_4&Prime; _builder_version=\u00a0\u00bb4.16&Prime; global_colors_info=\u00a0\u00bb{}\u00a0\u00bb][et_pb_text _builder_version=\u00a0\u00bb4.27.4&Prime; text_text_color=\u00a0\u00bbrgba(255,255,255,0.5)\u00a0\u00bb text_font_size=\u00a0\u00bb16px\u00a0\u00bb text_line_height=\u00a0\u00bb1.8em\u00a0\u00bb header_font=\u00a0\u00bbMontserrat|300||on|||||\u00a0\u00bb header_font_size=\u00a0\u00bb6vw\u00a0\u00bb header_line_height=\u00a0\u00bb1.2em\u00a0\u00bb header_3_font=\u00a0\u00bbMontserrat|700||on|||||\u00a0\u00bb header_3_text_color=\u00a0\u00bbrgba(255,255,255,0.5)\u00a0\u00bb header_3_font_size=\u00a0\u00bb16px\u00a0\u00bb header_3_letter_spacing=\u00a0\u00bb2px\u00a0\u00bb header_3_line_height=\u00a0\u00bb1.4em\u00a0\u00bb background_layout=\u00a0\u00bbdark\u00a0\u00bb header_3_font_size_tablet=\u00a0\u00bb14px\u00a0\u00bb header_3_font_size_phone=\u00a0\u00bb\u00a0\u00bb header_3_font_size_last_edited=\u00a0\u00bbon|phone\u00a0\u00bb text_text_align=\u00a0\u00bbleft\u00a0\u00bb locked=\u00a0\u00bboff\u00a0\u00bb global_colors_info=\u00a0\u00bb{}\u00a0\u00bb]<\/p>\n<h3>FORMATION PROFESSIONNELLE DE L\u2019ACTEUR EN COURS DU JOUR<\/h3>\n<h1>ADMISSION<\/h1>\n<p>[\/et_pb_text][et_pb_button button_url=\u00a0\u00bb@ET-DC@eyJkeW5hbWljIjp0cnVlLCJjb250ZW50IjoicG9zdF9saW5rX3VybF9wYWdlIiwic2V0dGluZ3MiOnsicG9zdF9pZCI6IjIyOCJ9fQ==@\u00a0\u00bb button_text=\u00a0\u00bbcontact\u00a0\u00bb _builder_version=\u00a0\u00bb4.27.4&Prime; _dynamic_attributes=\u00a0\u00bbbutton_url\u00a0\u00bb custom_button=\u00a0\u00bbon\u00a0\u00bb button_text_size=\u00a0\u00bb14px\u00a0\u00bb button_text_color=\u00a0\u00bb#ffffff\u00a0\u00bb button_bg_color=\u00a0\u00bb#f9002b\u00a0\u00bb button_border_width=\u00a0\u00bb0px\u00a0\u00bb button_letter_spacing=\u00a0\u00bb2px\u00a0\u00bb button_font=\u00a0\u00bbMontserrat|600||on|||||\u00a0\u00bb button_icon=\u00a0\u00bb&#xe024;||divi||400&Prime; button_icon_placement=\u00a0\u00bbleft\u00a0\u00bb button_on_hover=\u00a0\u00bboff\u00a0\u00bb custom_padding=\u00a0\u00bb15px|25px|15px|38px|true|false\u00a0\u00bb locked=\u00a0\u00bboff\u00a0\u00bb global_colors_info=\u00a0\u00bb{}\u00a0\u00bb button_bg_color__hover=\u00a0\u00bb#6e42ff\u00a0\u00bb button_bg_color__hover_enabled=\u00a0\u00bbon|hover\u00a0\u00bb button_bg_enable_color__hover=\u00a0\u00bbon\u00a0\u00bb][\/et_pb_button][\/et_pb_column][\/et_pb_row][\/et_pb_section][et_pb_section fb_built=\u00a0\u00bb1&Prime; specialty=\u00a0\u00bbon\u00a0\u00bb admin_label=\u00a0\u00bbFeature List\u00a0\u00bb _builder_version=\u00a0\u00bb4.16&Prime; background_color=\u00a0\u00bb#000000&Prime; global_colors_info=\u00a0\u00bb{}\u00a0\u00bb][et_pb_column type=\u00a0\u00bb1_3&Prime; _builder_version=\u00a0\u00bb4.16&Prime; custom_padding=\u00a0\u00bb|||\u00a0\u00bb global_colors_info=\u00a0\u00bb{}\u00a0\u00bb custom_padding__hover=\u00a0\u00bb|||\u00a0\u00bb][et_pb_text _builder_version=\u00a0\u00bb4.27.4&Prime; text_text_color=\u00a0\u00bbrgba(255,255,255,0.5)\u00a0\u00bb text_font_size=\u00a0\u00bb16px\u00a0\u00bb text_line_height=\u00a0\u00bb1.8em\u00a0\u00bb header_2_font=\u00a0\u00bbMontserrat|300|||||||\u00a0\u00bb header_2_font_size=\u00a0\u00bb70px\u00a0\u00bb header_2_line_height=\u00a0\u00bb1.2em\u00a0\u00bb header_3_font=\u00a0\u00bbMontserrat|700||on|||||\u00a0\u00bb header_3_text_color=\u00a0\u00bb#6e42ff\u00a0\u00bb header_3_font_size=\u00a0\u00bb16px\u00a0\u00bb header_3_letter_spacing=\u00a0\u00bb2px\u00a0\u00bb header_3_line_height=\u00a0\u00bb1.4em\u00a0\u00bb background_layout=\u00a0\u00bbdark\u00a0\u00bb max_width=\u00a0\u00bb600px\u00a0\u00bb max_width_tablet=\u00a0\u00bb400px\u00a0\u00bb max_width_phone=\u00a0\u00bb300px\u00a0\u00bb max_width_last_edited=\u00a0\u00bbon|phone\u00a0\u00bb text_font_size_tablet=\u00a0\u00bb15px\u00a0\u00bb text_font_size_phone=\u00a0\u00bb14px\u00a0\u00bb text_font_size_last_edited=\u00a0\u00bbon|phone\u00a0\u00bb header_2_font_size_tablet=\u00a0\u00bb40px\u00a0\u00bb header_2_font_size_phone=\u00a0\u00bb30px\u00a0\u00bb header_2_font_size_last_edited=\u00a0\u00bbon|phone\u00a0\u00bb header_3_font_size_tablet=\u00a0\u00bb14px\u00a0\u00bb header_3_font_size_phone=\u00a0\u00bb\u00a0\u00bb header_3_font_size_last_edited=\u00a0\u00bbon|phone\u00a0\u00bb text_text_align=\u00a0\u00bbleft\u00a0\u00bb locked=\u00a0\u00bboff\u00a0\u00bb global_colors_info=\u00a0\u00bb{}\u00a0\u00bb]<\/p>\n<p>Le\/La candidate doit soumettre ce qui suit :<\/p>\n<h2><\/h2>\n<p>[\/et_pb_text][\/et_pb_column][et_pb_column type=\u00a0\u00bb2_3&Prime; specialty_columns=\u00a0\u00bb2&Prime; _builder_version=\u00a0\u00bb4.16&Prime; custom_padding=\u00a0\u00bb|||\u00a0\u00bb global_colors_info=\u00a0\u00bb{}\u00a0\u00bb custom_padding__hover=\u00a0\u00bb|||\u00a0\u00bb][et_pb_row_inner column_structure=\u00a0\u00bb1_2,1_2&Prime; custom_padding_last_edited=\u00a0\u00bbon|phone\u00a0\u00bb _builder_version=\u00a0\u00bb4.16&Prime; custom_padding=\u00a0\u00bb40px|40px|40px|40px|true|true\u00a0\u00bb custom_padding_tablet=\u00a0\u00bb30px|30px|30px|30px|true|true\u00a0\u00bb custom_padding_phone=\u00a0\u00bb20px|20px|20px|20px|true|true\u00a0\u00bb border_width_all=\u00a0\u00bb4px\u00a0\u00bb border_color_all=\u00a0\u00bbrgba(110,66,255,0.3)\u00a0\u00bb global_colors_info=\u00a0\u00bb{}\u00a0\u00bb][et_pb_column_inner type=\u00a0\u00bb1_2&Prime; saved_specialty_column_type=\u00a0\u00bb2_3&Prime; _builder_version=\u00a0\u00bb4.16&Prime; global_colors_info=\u00a0\u00bb{}\u00a0\u00bb][et_pb_text _builder_version=\u00a0\u00bb4.27.5&Prime; header_3_font=\u00a0\u00bbMontserrat|700|||||||\u00a0\u00bb header_3_line_height=\u00a0\u00bb1.2em\u00a0\u00bb background_layout=\u00a0\u00bbdark\u00a0\u00bb max_width=\u00a0\u00bb600px\u00a0\u00bb hover_enabled=\u00a0\u00bb0&Prime; header_3_font_size_tablet=\u00a0\u00bb20px\u00a0\u00bb header_3_font_size_phone=\u00a0\u00bb18px\u00a0\u00bb header_3_font_size_last_edited=\u00a0\u00bbon|phone\u00a0\u00bb locked=\u00a0\u00bboff\u00a0\u00bb global_colors_info=\u00a0\u00bb{}\u00a0\u00bb sticky_enabled=\u00a0\u00bb0&Prime;]<\/p>\n<p>1. Votre demande se fera par <strong>Email ou t\u00e9l\u00e9phone<span>\u00a0<\/span><\/strong>ou sur la page<span>\u00a0<\/span><strong>Contact<\/strong>\u00a0comprenant votre motivation.<\/p>\n<p>[\/et_pb_text][et_pb_text _builder_version=\u00a0\u00bb4.27.5&Prime; header_3_font=\u00a0\u00bbMontserrat|700|||||||\u00a0\u00bb header_3_line_height=\u00a0\u00bb1.2em\u00a0\u00bb background_layout=\u00a0\u00bbdark\u00a0\u00bb max_width=\u00a0\u00bb600px\u00a0\u00bb hover_enabled=\u00a0\u00bb0&Prime; header_3_font_size_tablet=\u00a0\u00bb20px\u00a0\u00bb header_3_font_size_phone=\u00a0\u00bb18px\u00a0\u00bb header_3_font_size_last_edited=\u00a0\u00bbon|phone\u00a0\u00bb locked=\u00a0\u00bboff\u00a0\u00bb global_colors_info=\u00a0\u00bb{}\u00a0\u00bb sticky_enabled=\u00a0\u00bb0&Prime;]<\/p>\n<p>2. Un CV et une photo.<\/p>\n<p>[\/et_pb_text][et_pb_text _builder_version=\u00a0\u00bb4.27.5&Prime; header_3_font=\u00a0\u00bbMontserrat|700|||||||\u00a0\u00bb header_3_line_height=\u00a0\u00bb1.2em\u00a0\u00bb background_layout=\u00a0\u00bbdark\u00a0\u00bb max_width=\u00a0\u00bb600px\u00a0\u00bb hover_enabled=\u00a0\u00bb0&Prime; header_3_font_size_tablet=\u00a0\u00bb20px\u00a0\u00bb header_3_font_size_phone=\u00a0\u00bb18px\u00a0\u00bb header_3_font_size_last_edited=\u00a0\u00bbon|phone\u00a0\u00bb locked=\u00a0\u00bboff\u00a0\u00bb global_colors_info=\u00a0\u00bb{}\u00a0\u00bb sticky_enabled=\u00a0\u00bb0&Prime;]<\/p>\n<p>3. La participation \u00e0 un stage Double Clap permet d\u2019int\u00e9grer directement la formation professionnelle de l\u2019acteur. Ils seront re\u00e7us sur validation de l\u2019\u00e9quipe.<\/p>\n<p>[\/et_pb_text][et_pb_text _builder_version=\u00a0\u00bb4.27.5&Prime; header_3_font=\u00a0\u00bbMontserrat|700|||||||\u00a0\u00bb header_3_line_height=\u00a0\u00bb1.2em\u00a0\u00bb background_layout=\u00a0\u00bbdark\u00a0\u00bb max_width=\u00a0\u00bb600px\u00a0\u00bb hover_enabled=\u00a0\u00bb0&Prime; header_3_font_size_tablet=\u00a0\u00bb20px\u00a0\u00bb header_3_font_size_phone=\u00a0\u00bb18px\u00a0\u00bb header_3_font_size_last_edited=\u00a0\u00bbon|phone\u00a0\u00bb locked=\u00a0\u00bboff\u00a0\u00bb global_colors_info=\u00a0\u00bb{}\u00a0\u00bb sticky_enabled=\u00a0\u00bb0&Prime;]<\/p>\n<p>4. Deux stages seront organis\u00e9s uniquement pour l\u2019admission \u00e0 cette formation en ao\u00fbt du 10 au 14 de 10 \u00e0 17h, en septembre du 14 au 18 de 10 \u00e0 17h.<\/p>\n<p>[\/et_pb_text][et_pb_text _builder_version=\u00a0\u00bb4.27.5&Prime; header_3_font=\u00a0\u00bbMontserrat|700|||||||\u00a0\u00bb header_3_line_height=\u00a0\u00bb1.2em\u00a0\u00bb background_layout=\u00a0\u00bbdark\u00a0\u00bb max_width=\u00a0\u00bb600px\u00a0\u00bb hover_enabled=\u00a0\u00bb0&Prime; header_3_font_size_tablet=\u00a0\u00bb20px\u00a0\u00bb header_3_font_size_phone=\u00a0\u00bb18px\u00a0\u00bb header_3_font_size_last_edited=\u00a0\u00bbon|phone\u00a0\u00bb locked=\u00a0\u00bboff\u00a0\u00bb global_colors_info=\u00a0\u00bb{}\u00a0\u00bb sticky_enabled=\u00a0\u00bb0&Prime;]<\/p>\n<p>5. En cas de non participation \u00e0 un stage : Le\/La candidat(e) sera au pr\u00e9alable convi\u00e9(e) \u00e0 un entretien de s\u00e9lection et sera invit\u00e9(e) \u00e0 passer une audition. L\u2019audition consiste en un monologue travaill\u00e9 avec un coach. Une fois l\u2019audition termin\u00e9e, les candidats seront officiellement inform\u00e9s par t\u00e9l\u00e9phone ou par Email de leur acceptation au programme.<\/p>\n<p>[\/et_pb_text][\/et_pb_column_inner][et_pb_column_inner type=\u00a0\u00bb1_2&Prime; saved_specialty_column_type=\u00a0\u00bb2_3&Prime; _builder_version=\u00a0\u00bb4.16&Prime; global_colors_info=\u00a0\u00bb{}\u00a0\u00bb][et_pb_text _builder_version=\u00a0\u00bb4.27.4&Prime; header_3_font=\u00a0\u00bbMontserrat|700|||||||\u00a0\u00bb header_3_line_height=\u00a0\u00bb1.2em\u00a0\u00bb background_layout=\u00a0\u00bbdark\u00a0\u00bb max_width=\u00a0\u00bb600px\u00a0\u00bb header_3_font_size_tablet=\u00a0\u00bb20px\u00a0\u00bb header_3_font_size_phone=\u00a0\u00bb18px\u00a0\u00bb header_3_font_size_last_edited=\u00a0\u00bbon|phone\u00a0\u00bb locked=\u00a0\u00bboff\u00a0\u00bb global_colors_info=\u00a0\u00bb{}\u00a0\u00bb]<\/p>\n<p><span>Remarque : ce programme adh\u00e8re \u00e0 une politique de participation et \u00e0 des normes professionnelles strictes. Tous les \u00e9tudiants doivent \u00eatre \u00e0 l\u2019heure et pr\u00eats \u00e0 participer \u00e0 toutes les classes. Ceux qui ne sont pas pr\u00e9par\u00e9s ou en retard seront dispens\u00e9s du programme.<\/span><\/p>\n<div><b><span>FORMATION INTENSIVE FORMULE de 370 H + 100H de tournage.<\/span><\/b><\/div>\n<p>[\/et_pb_text][et_pb_text _builder_version=\u00a0\u00bb4.27.4&Prime; header_3_font=\u00a0\u00bbMontserrat|700|||||||\u00a0\u00bb header_3_line_height=\u00a0\u00bb1.2em\u00a0\u00bb background_layout=\u00a0\u00bbdark\u00a0\u00bb max_width=\u00a0\u00bb600px\u00a0\u00bb header_3_font_size_tablet=\u00a0\u00bb20px\u00a0\u00bb header_3_font_size_phone=\u00a0\u00bb18px\u00a0\u00bb header_3_font_size_last_edited=\u00a0\u00bbon|phone\u00a0\u00bb locked=\u00a0\u00bboff\u00a0\u00bb global_colors_info=\u00a0\u00bb{}\u00a0\u00bb]<\/p>\n<p><span>Attention<\/span><span>, apr\u00e8s une ann\u00e9e en jeu face vous recevrez une attestation de r\u00e9ussite, ce n\u2019est en aucun cas un\u00a0<\/span><strong>dipl\u00f4me<\/strong><span>. (Nous sommes une \u00e9cole priv\u00e9e.<\/span><\/p>\n<p>[\/et_pb_text][\/et_pb_column_inner][\/et_pb_row_inner][\/et_pb_column][\/et_pb_section][et_pb_section fb_built=\u00a0\u00bb1&Prime; admin_label=\u00a0\u00bbFooter\u00a0\u00bb _builder_version=\u00a0\u00bb4.16&Prime; use_background_color_gradient=\u00a0\u00bbon\u00a0\u00bb background_color_gradient_stops=\u00a0\u00bb#000000 0%|rgba(0,0,0,0) 50%\u00a0\u00bb background_color_gradient_overlays_image=\u00a0\u00bbon\u00a0\u00bb background_color_gradient_start=\u00a0\u00bb#000000&Prime; background_color_gradient_end=\u00a0\u00bbrgba(0,0,0,0)\u00a0\u00bb background_color_gradient_end_position=\u00a0\u00bb50%\u00a0\u00bb background_image=\u00a0\u00bbhttps:\/\/doubleclap.be\/wp-content\/uploads\/2025\/08\/theater-01.jpg\u00a0\u00bb locked=\u00a0\u00bboff\u00a0\u00bb global_colors_info=\u00a0\u00bb{}\u00a0\u00bb][et_pb_row column_structure=\u00a0\u00bb1_4,1_4,1_4,1_4&Prime; make_equal=\u00a0\u00bbon\u00a0\u00bb _builder_version=\u00a0\u00bb4.16&Prime; custom_padding=\u00a0\u00bb||0px|||\u00a0\u00bb locked=\u00a0\u00bboff\u00a0\u00bb global_colors_info=\u00a0\u00bb{}\u00a0\u00bb][et_pb_column type=\u00a0\u00bb1_4&Prime; _builder_version=\u00a0\u00bb4.16&Prime; global_colors_info=\u00a0\u00bb{}\u00a0\u00bb][et_pb_text _builder_version=\u00a0\u00bb4.27.5&Prime; header_2_font=\u00a0\u00bbMontserrat|300|||||||\u00a0\u00bb header_2_font_size=\u00a0\u00bb40px\u00a0\u00bb header_2_line_height=\u00a0\u00bb1.2em\u00a0\u00bb header_3_font=\u00a0\u00bbMontserrat|700||on|||||\u00a0\u00bb header_3_text_color=\u00a0\u00bb#f9002b\u00a0\u00bb header_3_font_size=\u00a0\u00bb16px\u00a0\u00bb header_3_letter_spacing=\u00a0\u00bb2px\u00a0\u00bb header_3_line_height=\u00a0\u00bb1.4em\u00a0\u00bb background_image=\u00a0\u00bbhttps:\/\/doubleclap.be\/wp-content\/uploads\/2025\/11\/Double-clap02-tramparent-2.png\u00a0\u00bb background_layout=\u00a0\u00bbdark\u00a0\u00bb max_width=\u00a0\u00bb600px\u00a0\u00bb custom_padding=\u00a0\u00bb||93px||false|false\u00a0\u00bb hover_enabled=\u00a0\u00bb0&Prime; header_2_font_size_tablet=\u00a0\u00bb30px\u00a0\u00bb header_2_font_size_phone=\u00a0\u00bb20px\u00a0\u00bb header_2_font_size_last_edited=\u00a0\u00bbon|phone\u00a0\u00bb header_3_font_size_tablet=\u00a0\u00bb14px\u00a0\u00bb header_3_font_size_phone=\u00a0\u00bb\u00a0\u00bb header_3_font_size_last_edited=\u00a0\u00bbon|phone\u00a0\u00bb locked=\u00a0\u00bboff\u00a0\u00bb global_colors_info=\u00a0\u00bb{}\u00a0\u00bb alt=\u00a0\u00bbFormation-d&rsquo;acteur-\u00e0-Bruxelles\u00a0\u00bb title_text=\u00a0\u00bbDouble clap-\u00e9cole-art-dramatique-th\u00e9\u00e2tre-cin\u00e9ma\u00a0\u00bb sticky_enabled=\u00a0\u00bb0&Prime;][\/et_pb_text][\/et_pb_column][et_pb_column type=\u00a0\u00bb1_4&Prime; _builder_version=\u00a0\u00bb4.16&Prime; global_colors_info=\u00a0\u00bb{}\u00a0\u00bb][et_pb_text _builder_version=\u00a0\u00bb4.27.4&Prime; text_line_height=\u00a0\u00bb1.8em\u00a0\u00bb link_text_align=\u00a0\u00bbleft\u00a0\u00bb link_text_color=\u00a0\u00bb#ffffff\u00a0\u00bb header_4_font=\u00a0\u00bbMontserrat|700||on|||||\u00a0\u00bb header_4_text_color=\u00a0\u00bbrgba(255,255,255,0.5)\u00a0\u00bb header_4_font_size=\u00a0\u00bb14px\u00a0\u00bb header_4_letter_spacing=\u00a0\u00bb2px\u00a0\u00bb header_4_line_height=\u00a0\u00bb1.4em\u00a0\u00bb background_layout=\u00a0\u00bbdark\u00a0\u00bb max_width=\u00a0\u00bb600px\u00a0\u00bb locked=\u00a0\u00bboff\u00a0\u00bb global_colors_info=\u00a0\u00bb{}\u00a0\u00bb]<\/p>\n<h4>nos formations<\/h4>\n<p><span>Ateliers d\u2019acting le mardi soir, le mercredi soir, le samedi matin. Formation Pro le jour 500 heures . Formation Pro le soir formule de 6 \u00e0 9 heures semaine. Des stages, des Masters Class.\u00a0<\/span><\/p>\n<p>[\/et_pb_text][\/et_pb_column][et_pb_column type=\u00a0\u00bb1_4&Prime; _builder_version=\u00a0\u00bb4.16&Prime; global_colors_info=\u00a0\u00bb{}\u00a0\u00bb][et_pb_text _builder_version=\u00a0\u00bb4.27.4&Prime; text_line_height=\u00a0\u00bb1.8em\u00a0\u00bb link_text_align=\u00a0\u00bbleft\u00a0\u00bb link_text_color=\u00a0\u00bb#ffffff\u00a0\u00bb header_4_font=\u00a0\u00bbMontserrat|700||on|||||\u00a0\u00bb header_4_text_color=\u00a0\u00bbrgba(255,255,255,0.5)\u00a0\u00bb header_4_font_size=\u00a0\u00bb14px\u00a0\u00bb header_4_letter_spacing=\u00a0\u00bb2px\u00a0\u00bb header_4_line_height=\u00a0\u00bb1.4em\u00a0\u00bb background_layout=\u00a0\u00bbdark\u00a0\u00bb max_width=\u00a0\u00bb600px\u00a0\u00bb locked=\u00a0\u00bboff\u00a0\u00bb global_colors_info=\u00a0\u00bb{}\u00a0\u00bb]<\/p>\n<h4>Movies<\/h4>\n<p><a href=\"#\"><\/a><\/p>\n<p>Le dernier train<\/p>\n<p>Intersections<\/p>\n<p>La cage aux oiseaux<\/p>\n<p>Putain d\u2019amendement<\/p>\n<p>Le th\u00e9or\u00e8me du faucon<\/p>\n<p>Time is Time (S\u00e9rie)<\/p>\n<p>[\/et_pb_text][\/et_pb_column][et_pb_column type=\u00a0\u00bb1_4&Prime; _builder_version=\u00a0\u00bb4.16&Prime; global_colors_info=\u00a0\u00bb{}\u00a0\u00bb][et_pb_text _builder_version=\u00a0\u00bb4.27.5&Prime; text_line_height=\u00a0\u00bb1.8em\u00a0\u00bb link_text_align=\u00a0\u00bbleft\u00a0\u00bb link_text_color=\u00a0\u00bb#ffffff\u00a0\u00bb header_4_font=\u00a0\u00bbMontserrat|700||on|||||\u00a0\u00bb header_4_text_color=\u00a0\u00bbrgba(255,255,255,0.5)\u00a0\u00bb header_4_font_size=\u00a0\u00bb14px\u00a0\u00bb header_4_letter_spacing=\u00a0\u00bb2px\u00a0\u00bb header_4_line_height=\u00a0\u00bb1.4em\u00a0\u00bb background_layout=\u00a0\u00bbdark\u00a0\u00bb max_width=\u00a0\u00bb600px\u00a0\u00bb hover_enabled=\u00a0\u00bb0&Prime; locked=\u00a0\u00bboff\u00a0\u00bb global_colors_info=\u00a0\u00bb{}\u00a0\u00bb sticky_enabled=\u00a0\u00bb0&Prime;]<\/p>\n<p><a href=\"mailto:info@doubleclap.be\">info@doubleclap.be<\/a><\/p>\n<p><a href=\"https:\/\/doubleclap.be\/#\">+32\/473\/27.20.91<\/a><\/p>\n<p><a href=\"https:\/\/doubleclap.be\/#\">Formations au :<\/a><\/p>\n<p>304, chauss\u00e9e de Stockel<\/p>\n<p><a href=\"https:\/\/doubleclap.be\/#\">Woluwe-Saint-Lambert<\/a><\/p>\n<p>BCE : <span>1027293049<\/span><\/p>\n<p>[\/et_pb_text][\/et_pb_column][\/et_pb_row][\/et_pb_section]<\/p>\n","protected":false},"excerpt":{"rendered":"<p>FORMATION PROFESSIONNELLE DE L\u2019ACTEUR EN COURS DU&#8230;<\/p>\n","protected":false},"author":1,"featured_media":0,"parent":0,"menu_order":0,"comment_status":"closed","ping_status":"closed","template":"","meta":{"_et_pb_use_builder":"on","_et_pb_old_content":"","_et_gb_content_width":"","_kad_post_transparent":"","_kad_post_title":"","_kad_post_layout":"","_kad_post_sidebar_id":"","_kad_post_content_style":"","_kad_post_vertical_padding":"","_kad_post_feature":"","_kad_post_feature_position":"","_kad_post_header":false,"_kad_post_footer":false,"_kad_post_classname":"","footnotes":""},"class_list":["post-430","page","type-page","status-publish","hentry"],"yoast_head":"<!-- This site is optimized with the Yoast SEO plugin v27.5 - https:\/\/yoast.com\/product\/yoast-seo-wordpress\/ -->\n<title>Admission - WordPress<\/title>\n<meta name=\"robots\" content=\"index, follow, max-snippet:-1, max-image-preview:large, max-video-preview:-1\" \/>\n<link rel=\"canonical\" href=\"https:\/\/doubleclap.be\/index.php\/admission\/\" \/>\n<meta property=\"og:locale\" content=\"fr_FR\" \/>\n<meta property=\"og:type\" content=\"article\" \/>\n<meta property=\"og:title\" content=\"Admission - WordPress\" \/>\n<meta property=\"og:description\" content=\"FORMATION PROFESSIONNELLE DE L\u2019ACTEUR EN COURS DU...\" \/>\n<meta property=\"og:url\" content=\"https:\/\/doubleclap.be\/index.php\/admission\/\" \/>\n<meta property=\"og:site_name\" content=\"WordPress\" \/>\n<meta property=\"article:modified_time\" content=\"2026-04-18T23:07:20+00:00\" \/>\n<meta name=\"twitter:card\" content=\"summary_large_image\" \/>\n<meta name=\"twitter:site\" content=\"@home\" \/>\n<meta name=\"twitter:label1\" content=\"Dur\u00e9e de lecture estim\u00e9e\" \/>\n\t<meta name=\"twitter:data1\" content=\"8 minutes\" \/>\n<script type=\"application\/ld+json\" class=\"yoast-schema-graph\">{\"@context\":\"https:\\\/\\\/schema.org\",\"@graph\":[{\"@type\":\"WebPage\",\"@id\":\"https:\\\/\\\/doubleclap.be\\\/index.php\\\/admission\\\/\",\"url\":\"https:\\\/\\\/doubleclap.be\\\/index.php\\\/admission\\\/\",\"name\":\"Admission - WordPress\",\"isPartOf\":{\"@id\":\"https:\\\/\\\/doubleclap.be\\\/#website\"},\"datePublished\":\"2025-08-28T13:07:47+00:00\",\"dateModified\":\"2026-04-18T23:07:20+00:00\",\"breadcrumb\":{\"@id\":\"https:\\\/\\\/doubleclap.be\\\/index.php\\\/admission\\\/#breadcrumb\"},\"inLanguage\":\"fr-FR\",\"potentialAction\":[{\"@type\":\"ReadAction\",\"target\":[\"https:\\\/\\\/doubleclap.be\\\/index.php\\\/admission\\\/\"]}]},{\"@type\":\"BreadcrumbList\",\"@id\":\"https:\\\/\\\/doubleclap.be\\\/index.php\\\/admission\\\/#breadcrumb\",\"itemListElement\":[{\"@type\":\"ListItem\",\"position\":1,\"name\":\"Accueil\",\"item\":\"https:\\\/\\\/doubleclap.be\\\/\"},{\"@type\":\"ListItem\",\"position\":2,\"name\":\"Admission\"}]},{\"@type\":\"WebSite\",\"@id\":\"https:\\\/\\\/doubleclap.be\\\/#website\",\"url\":\"https:\\\/\\\/doubleclap.be\\\/\",\"name\":\"Double Clap\",\"description\":\"\",\"potentialAction\":[{\"@type\":\"SearchAction\",\"target\":{\"@type\":\"EntryPoint\",\"urlTemplate\":\"https:\\\/\\\/doubleclap.be\\\/?s={search_term_string}\"},\"query-input\":{\"@type\":\"PropertyValueSpecification\",\"valueRequired\":true,\"valueName\":\"search_term_string\"}}],\"inLanguage\":\"fr-FR\"}]}<\/script>\n<!-- \/ Yoast SEO plugin. -->","yoast_head_json":{"title":"Admission - WordPress","robots":{"index":"index","follow":"follow","max-snippet":"max-snippet:-1","max-image-preview":"max-image-preview:large","max-video-preview":"max-video-preview:-1"},"canonical":"https:\/\/doubleclap.be\/index.php\/admission\/","og_locale":"fr_FR","og_type":"article","og_title":"Admission - WordPress","og_description":"FORMATION PROFESSIONNELLE DE L\u2019ACTEUR EN COURS DU...","og_url":"https:\/\/doubleclap.be\/index.php\/admission\/","og_site_name":"WordPress","article_modified_time":"2026-04-18T23:07:20+00:00","twitter_card":"summary_large_image","twitter_site":"@home","twitter_misc":{"Dur\u00e9e de lecture estim\u00e9e":"8 minutes"},"schema":{"@context":"https:\/\/schema.org","@graph":[{"@type":"WebPage","@id":"https:\/\/doubleclap.be\/index.php\/admission\/","url":"https:\/\/doubleclap.be\/index.php\/admission\/","name":"Admission - WordPress","isPartOf":{"@id":"https:\/\/doubleclap.be\/#website"},"datePublished":"2025-08-28T13:07:47+00:00","dateModified":"2026-04-18T23:07:20+00:00","breadcrumb":{"@id":"https:\/\/doubleclap.be\/index.php\/admission\/#breadcrumb"},"inLanguage":"fr-FR","potentialAction":[{"@type":"ReadAction","target":["https:\/\/doubleclap.be\/index.php\/admission\/"]}]},{"@type":"BreadcrumbList","@id":"https:\/\/doubleclap.be\/index.php\/admission\/#breadcrumb","itemListElement":[{"@type":"ListItem","position":1,"name":"Accueil","item":"https:\/\/doubleclap.be\/"},{"@type":"ListItem","position":2,"name":"Admission"}]},{"@type":"WebSite","@id":"https:\/\/doubleclap.be\/#website","url":"https:\/\/doubleclap.be\/","name":"Double Clap","description":"","potentialAction":[{"@type":"SearchAction","target":{"@type":"EntryPoint","urlTemplate":"https:\/\/doubleclap.be\/?s={search_term_string}"},"query-input":{"@type":"PropertyValueSpecification","valueRequired":true,"valueName":"search_term_string"}}],"inLanguage":"fr-FR"}]}},"_links":{"self":[{"href":"https:\/\/doubleclap.be\/index.php\/wp-json\/wp\/v2\/pages\/430","targetHints":{"allow":["GET"]}}],"collection":[{"href":"https:\/\/doubleclap.be\/index.php\/wp-json\/wp\/v2\/pages"}],"about":[{"href":"https:\/\/doubleclap.be\/index.php\/wp-json\/wp\/v2\/types\/page"}],"author":[{"embeddable":true,"href":"https:\/\/doubleclap.be\/index.php\/wp-json\/wp\/v2\/users\/1"}],"replies":[{"embeddable":true,"href":"https:\/\/doubleclap.be\/index.php\/wp-json\/wp\/v2\/comments?post=430"}],"version-history":[{"count":6,"href":"https:\/\/doubleclap.be\/index.php\/wp-json\/wp\/v2\/pages\/430\/revisions"}],"predecessor-version":[{"id":926,"href":"https:\/\/doubleclap.be\/index.php\/wp-json\/wp\/v2\/pages\/430\/revisions\/926"}],"wp:attachment":[{"href":"https:\/\/doubleclap.be\/index.php\/wp-json\/wp\/v2\/media?parent=430"}],"curies":[{"name":"wp","href":"https:\/\/api.w.org\/{rel}","templated":true}]}}