{"id":288,"date":"2025-08-12T13:42:18","date_gmt":"2025-08-12T13:42:18","guid":{"rendered":"https:\/\/doubleclap.be\/?page_id=288"},"modified":"2026-04-18T21:17:48","modified_gmt":"2026-04-18T21:17:48","slug":"face-camera-acting-theatre-acting-art-dramatique","status":"publish","type":"page","link":"https:\/\/doubleclap.be\/index.php\/face-camera-acting-theatre-acting-art-dramatique\/","title":{"rendered":"Atelier du mercredi"},"content":{"rendered":"<p>[et_pb_section fb_built=\u00a0\u00bb1&Prime; fullwidth=\u00a0\u00bbon\u00a0\u00bb admin_label=\u00a0\u00bbHeader\u00a0\u00bb _builder_version=\u00a0\u00bb4.16&Prime; background_color=\u00a0\u00bb#000000&Prime; global_colors_info=\u00a0\u00bb{}\u00a0\u00bb][et_pb_fullwidth_slider _builder_version=\u00a0\u00bb4.27.4&Prime; header_font=\u00a0\u00bbMontserrat|800||on|||||\u00a0\u00bb header_font_size=\u00a0\u00bb6vw\u00a0\u00bb header_line_height=\u00a0\u00bb1.2em\u00a0\u00bb body_line_height=\u00a0\u00bb1.8em\u00a0\u00bb background_image=\u00a0\u00bbhttps:\/\/doubleclap.be\/wp-content\/uploads\/2025\/08\/cover-2.jpg\u00a0\u00bb custom_button=\u00a0\u00bbon\u00a0\u00bb button_text_size=\u00a0\u00bb14px\u00a0\u00bb button_text_color=\u00a0\u00bb#ffffff\u00a0\u00bb button_bg_color=\u00a0\u00bb#f9002b\u00a0\u00bb button_border_width=\u00a0\u00bb0px\u00a0\u00bb button_letter_spacing=\u00a0\u00bb2px\u00a0\u00bb button_font=\u00a0\u00bbMontserrat|600||on|||||\u00a0\u00bb button_icon=\u00a0\u00bb%%129%%\u00a0\u00bb button_icon_placement=\u00a0\u00bbleft\u00a0\u00bb button_on_hover=\u00a0\u00bboff\u00a0\u00bb button_custom_margin=\u00a0\u00bb40px||||false|false\u00a0\u00bb button_custom_padding=\u00a0\u00bb16px|26px|16px|46px|true|false\u00a0\u00bb text_orientation=\u00a0\u00bbleft\u00a0\u00bb custom_margin=\u00a0\u00bb-177px|||||\u00a0\u00bb custom_padding=\u00a0\u00bb10vw|6%|10vw|6%|true|true\u00a0\u00bb custom_padding_tablet=\u00a0\u00bb|10vw||10vw|true|true\u00a0\u00bb custom_padding_phone=\u00a0\u00bb\u00a0\u00bb custom_padding_last_edited=\u00a0\u00bbon|phone\u00a0\u00bb auto=\u00a0\u00bbon\u00a0\u00bb auto_speed=\u00a0\u00bb5000&Prime; auto_ignore_hover=\u00a0\u00bbon\u00a0\u00bb global_colors_info=\u00a0\u00bb{}\u00a0\u00bb button_bg_color__hover_enabled=\u00a0\u00bbon|desktop\u00a0\u00bb button_bg_color__hover=\u00a0\u00bb#6e42ff\u00a0\u00bb button_bg_enable_color__hover=\u00a0\u00bbon\u00a0\u00bb][et_pb_slide heading=\u00a0\u00bbAtelier Master class du mercredi\u00a0\u00bb button_text=\u00a0\u00bbcontact\u00a0\u00bb button_link=\u00a0\u00bb@ET-DC@eyJkeW5hbWljIjp0cnVlLCJjb250ZW50IjoicG9zdF9saW5rX3VybF9wYWdlIiwic2V0dGluZ3MiOnsicG9zdF9pZCI6IjIyOCJ9fQ==@\u00a0\u00bb _builder_version=\u00a0\u00bb4.27.4&Prime; _dynamic_attributes=\u00a0\u00bbbutton_link\u00a0\u00bb use_background_color_gradient=\u00a0\u00bbon\u00a0\u00bb background_color_gradient_stops=\u00a0\u00bbrgba(0,0,0,0) 0%|#000000 100%\u00a0\u00bb background_color_gradient_overlays_image=\u00a0\u00bbon\u00a0\u00bb background_color_gradient_start=\u00a0\u00bbrgba(0,0,0,0)\u00a0\u00bb background_color_gradient_end=\u00a0\u00bb#000000&Prime; background_image=\u00a0\u00bbhttps:\/\/doubleclap.be\/wp-content\/uploads\/2025\/08\/clap-int.png\u00a0\u00bb background_enable_image=\u00a0\u00bbon\u00a0\u00bb global_colors_info=\u00a0\u00bb{}\u00a0\u00bb sticky_transition=\u00a0\u00bbon\u00a0\u00bb]<\/p>\n<h1>MASTER CLASS avec Philippe Cornette<\/h1>\n<p>[\/et_pb_slide][et_pb_slide heading=\u00a0\u00bbAtelier Master class du mercredi\u00a0\u00bb button_text=\u00a0\u00bbretour\u00a0\u00bb button_link=\u00a0\u00bb@ET-DC@eyJkeW5hbWljIjp0cnVlLCJjb250ZW50IjoicG9zdF9saW5rX3VybF9wYWdlIiwic2V0dGluZ3MiOnsicG9zdF9pZCI6IjIyNCJ9fQ==@\u00a0\u00bb _builder_version=\u00a0\u00bb4.27.4&Prime; _dynamic_attributes=\u00a0\u00bbbutton_link\u00a0\u00bb use_background_color_gradient=\u00a0\u00bbon\u00a0\u00bb background_color_gradient_stops=\u00a0\u00bbrgba(0,0,0,0) 0%|#000000 100%\u00a0\u00bb background_color_gradient_overlays_image=\u00a0\u00bbon\u00a0\u00bb background_color_gradient_start=\u00a0\u00bbrgba(0,0,0,0)\u00a0\u00bb background_color_gradient_end=\u00a0\u00bb#000000&Prime; background_image=\u00a0\u00bbhttps:\/\/doubleclap.be\/wp-content\/uploads\/2025\/08\/cover-2.jpg\u00a0\u00bb background_enable_image=\u00a0\u00bbon\u00a0\u00bb button_icon=\u00a0\u00bb&#xe013;||divi||400&Prime; global_colors_info=\u00a0\u00bb{}\u00a0\u00bb sticky_transition=\u00a0\u00bbon\u00a0\u00bb]<\/p>\n<h1>MASTER CLASS avec Philippe Cornette<\/h1>\n<p>[\/et_pb_slide][\/et_pb_fullwidth_slider][\/et_pb_section][et_pb_section fb_built=\u00a0\u00bb1&Prime; admin_label=\u00a0\u00bbMovie\u00a0\u00bb _builder_version=\u00a0\u00bb4.16&Prime; background_color=\u00a0\u00bb#000000&Prime; custom_padding=\u00a0\u00bb||19px|||\u00a0\u00bb global_colors_info=\u00a0\u00bb{}\u00a0\u00bb][et_pb_row column_structure=\u00a0\u00bb1_2,1_2&Prime; _builder_version=\u00a0\u00bb4.16&Prime; global_colors_info=\u00a0\u00bb{}\u00a0\u00bb][et_pb_column type=\u00a0\u00bb1_2&Prime; _builder_version=\u00a0\u00bb4.16&Prime; global_colors_info=\u00a0\u00bb{}\u00a0\u00bb][et_pb_image src=\u00a0\u00bbhttps:\/\/doubleclap.be\/wp-content\/uploads\/2025\/08\/real2.png\u00a0\u00bb title_text=\u00a0\u00bbreal2&Prime; _builder_version=\u00a0\u00bb4.27.4&Prime; max_width_tablet=\u00a0\u00bb400px\u00a0\u00bb max_width_phone=\u00a0\u00bb300px\u00a0\u00bb max_width_last_edited=\u00a0\u00bbon|phone\u00a0\u00bb global_colors_info=\u00a0\u00bb{}\u00a0\u00bb][\/et_pb_image][\/et_pb_column][et_pb_column type=\u00a0\u00bb1_2&Prime; _builder_version=\u00a0\u00bb4.16&Prime; custom_padding=\u00a0\u00bb100px||100px||true|false\u00a0\u00bb custom_padding_tablet=\u00a0\u00bb0px||0px||true|false\u00a0\u00bb custom_padding_phone=\u00a0\u00bb\u00a0\u00bb custom_padding_last_edited=\u00a0\u00bbon|phone\u00a0\u00bb global_colors_info=\u00a0\u00bb{}\u00a0\u00bb][et_pb_text _builder_version=\u00a0\u00bb4.27.5&Prime; text_text_color=\u00a0\u00bbrgba(255,255,255,0.5)\u00a0\u00bb text_font_size=\u00a0\u00bb16px\u00a0\u00bb text_line_height=\u00a0\u00bb1.8em\u00a0\u00bb header_2_font=\u00a0\u00bbMontserrat|300|||||||\u00a0\u00bb header_2_font_size=\u00a0\u00bb70px\u00a0\u00bb header_2_line_height=\u00a0\u00bb1.2em\u00a0\u00bb header_3_font=\u00a0\u00bbMontserrat|700||on|||||\u00a0\u00bb header_3_text_color=\u00a0\u00bb#f9002b\u00a0\u00bb header_3_font_size=\u00a0\u00bb16px\u00a0\u00bb header_3_letter_spacing=\u00a0\u00bb2px\u00a0\u00bb header_3_line_height=\u00a0\u00bb1.4em\u00a0\u00bb background_layout=\u00a0\u00bbdark\u00a0\u00bb max_width=\u00a0\u00bb600px\u00a0\u00bb hover_enabled=\u00a0\u00bb0&Prime; header_2_font_size_tablet=\u00a0\u00bb40px\u00a0\u00bb header_2_font_size_phone=\u00a0\u00bb30px\u00a0\u00bb header_2_font_size_last_edited=\u00a0\u00bbon|phone\u00a0\u00bb header_3_font_size_tablet=\u00a0\u00bb14px\u00a0\u00bb header_3_font_size_phone=\u00a0\u00bb\u00a0\u00bb header_3_font_size_last_edited=\u00a0\u00bbon|phone\u00a0\u00bb text_text_align=\u00a0\u00bbleft\u00a0\u00bb global_colors_info=\u00a0\u00bb{}\u00a0\u00bb sticky_enabled=\u00a0\u00bb0&Prime;]<\/p>\n<h3>Un module de 27 cours, rentr\u00e9e le 14 octobre 2026, horaire 18h30 \u00e0 21h30<\/h3>\n<p><span>Soyez \u00e0 la pointe de l\u2019interpr\u00e9tation de l\u2019acteur, apprenez \u00e0 g\u00e9rer le script, fort de mon exp\u00e9rience, des outils que j\u2019ai d\u00e9velopp\u00e9 pour \u00eatre vraiment dans le cin\u00e9ma d\u2019aujourd\u2019hui.<\/span><\/p>\n<p>On commencera par la logique du sc\u00e9nario qui donnera directement \u00e0 l\u2019acteur d\u2019office des objets mentaux, il faudra s\u2019attaquer \u00e0 pareils moments de difficult\u00e9s, parce qu\u2019ils sont le squelette de ce que l\u2019act(eur\/rice) essaie de faire revivre sur le plateau.<\/p>\n<p>Soit<span>\u00a0<\/span><span>\u00a0<\/span>:<\/p>\n<p>A\/La logique des circonstances ant\u00e9rieures<\/p>\n<p>B\/Celle des personnages<\/p>\n<p>C\/Celle des objets sensoriels<\/p>\n<p>D\/Celle de la situation<\/p>\n<p>E\/Celle de l\u2019\u00e9v\u00e9nement pr\u00e9cis<\/p>\n<p>La sensibilit\u00e9, soit le monde int\u00e9rieur du personnage, ce qui l\u2019a boulevers\u00e9, et la protection de l\u2019act(eur\/rice) par le masque<\/p>\n<p>[\/et_pb_text][\/et_pb_column][\/et_pb_row][et_pb_row column_structure=\u00a0\u00bb2_5,3_5&Prime; _builder_version=\u00a0\u00bb4.27.4&Prime; _module_preset=\u00a0\u00bbdefault\u00a0\u00bb global_colors_info=\u00a0\u00bb{}\u00a0\u00bb][et_pb_column type=\u00a0\u00bb2_5&Prime; _builder_version=\u00a0\u00bb4.27.4&Prime; _module_preset=\u00a0\u00bbdefault\u00a0\u00bb global_colors_info=\u00a0\u00bb{}\u00a0\u00bb][et_pb_text _builder_version=\u00a0\u00bb4.27.5&Prime; _module_preset=\u00a0\u00bbdefault\u00a0\u00bb hover_enabled=\u00a0\u00bb0&Prime; global_colors_info=\u00a0\u00bb{}\u00a0\u00bb sticky_enabled=\u00a0\u00bb0&Prime;]<\/p>\n<div class=\"et_pb_module et_pb_text et_pb_text_7 et_pb_text_align_left et_pb_bg_layout_dark et_had_animation\">\n<div class=\"et_pb_text_inner\">\n<p>HORAIRE\/TARIF<\/p>\n<\/div>\n<\/div>\n<div class=\"et_pb_module et_pb_text et_pb_text_8 et_pb_text_align_left et_pb_bg_layout_dark et_had_animation\">\n<div class=\"et_pb_text_inner\">\n<p><span>De 18h30 \u00e0 21h30<\/span><span><\/span><\/p>\n<p><span>Au comptant 750,00 \u20ac<\/span><\/p>\n<p><span>Par trimestre : 3 X 270,00 \u20ac<\/span><\/p>\n<\/div>\n<\/div>\n<p>[\/et_pb_text][\/et_pb_column][et_pb_column type=\u00a0\u00bb3_5&Prime; _builder_version=\u00a0\u00bb4.27.4&Prime; _module_preset=\u00a0\u00bbdefault\u00a0\u00bb global_colors_info=\u00a0\u00bb{}\u00a0\u00bb][\/et_pb_column][\/et_pb_row][\/et_pb_section][et_pb_section fb_built=\u00a0\u00bb1&Prime; custom_padding_last_edited=\u00a0\u00bbon|phone\u00a0\u00bb admin_label=\u00a0\u00bbShowtimes\u00a0\u00bb _builder_version=\u00a0\u00bb4.16&Prime; use_background_color_gradient=\u00a0\u00bbon\u00a0\u00bb background_color_gradient_direction=\u00a0\u00bb90deg\u00a0\u00bb background_color_gradient_stops=\u00a0\u00bb#000000 60%|rgba(0,0,0,0) 60%\u00a0\u00bb background_color_gradient_overlays_image=\u00a0\u00bbon\u00a0\u00bb background_color_gradient_start=\u00a0\u00bb#000000&Prime; background_color_gradient_start_position=\u00a0\u00bb60%\u00a0\u00bb background_color_gradient_end=\u00a0\u00bbrgba(0,0,0,0)\u00a0\u00bb background_color_gradient_end_position=\u00a0\u00bb0%\u00a0\u00bb background_image=\u00a0\u00bbhttps:\/\/doubleclap.be\/wp-content\/uploads\/2025\/08\/movie-01.jpg\u00a0\u00bb min_height=\u00a0\u00bb210.8px\u00a0\u00bb custom_padding=\u00a0\u00bb19px||0px|||\u00a0\u00bb custom_padding_tablet=\u00a0\u00bb60px||||false|false\u00a0\u00bb custom_padding_phone=\u00a0\u00bb30px||||false|false\u00a0\u00bb background_color_tablet=\u00a0\u00bb#000000&Prime; background_last_edited=\u00a0\u00bbon|phone\u00a0\u00bb background_enable_color_tablet=\u00a0\u00bbon\u00a0\u00bb background_color_gradient_stops_tablet=\u00a0\u00bb#000000 50%|rgba(0,0,0,0) 50%\u00a0\u00bb background_color_gradient_stops_phone=\u00a0\u00bb#000000 90%|rgba(0,0,0,0) 90%\u00a0\u00bb background_color_gradient_start_position_tablet=\u00a0\u00bb50%\u00a0\u00bb background_color_gradient_start_position_phone=\u00a0\u00bb90%\u00a0\u00bb background_color_gradient_end_position_phone=\u00a0\u00bb0%\u00a0\u00bb background_enable_image_tablet=\u00a0\u00bboff\u00a0\u00bb global_colors_info=\u00a0\u00bb{}\u00a0\u00bb][\/et_pb_section][et_pb_section fb_built=\u00a0\u00bb1&Prime; admin_label=\u00a0\u00bbFooter\u00a0\u00bb _builder_version=\u00a0\u00bb4.16&Prime; use_background_color_gradient=\u00a0\u00bbon\u00a0\u00bb background_color_gradient_stops=\u00a0\u00bb#000000 0%|rgba(0,0,0,0) 50%\u00a0\u00bb background_color_gradient_overlays_image=\u00a0\u00bbon\u00a0\u00bb background_color_gradient_start=\u00a0\u00bb#000000&Prime; background_color_gradient_end=\u00a0\u00bbrgba(0,0,0,0)\u00a0\u00bb background_color_gradient_end_position=\u00a0\u00bb50%\u00a0\u00bb background_image=\u00a0\u00bbhttps:\/\/doubleclap.be\/wp-content\/uploads\/2025\/08\/theater-01.jpg\u00a0\u00bb locked=\u00a0\u00bboff\u00a0\u00bb global_colors_info=\u00a0\u00bb{}\u00a0\u00bb][et_pb_row column_structure=\u00a0\u00bb1_4,1_4,1_4,1_4&Prime; make_equal=\u00a0\u00bbon\u00a0\u00bb _builder_version=\u00a0\u00bb4.16&Prime; custom_padding=\u00a0\u00bb||0px|||\u00a0\u00bb locked=\u00a0\u00bboff\u00a0\u00bb global_colors_info=\u00a0\u00bb{}\u00a0\u00bb][et_pb_column type=\u00a0\u00bb1_4&Prime; _builder_version=\u00a0\u00bb4.16&Prime; global_colors_info=\u00a0\u00bb{}\u00a0\u00bb][et_pb_text _builder_version=\u00a0\u00bb4.27.5&Prime; header_2_font=\u00a0\u00bbMontserrat|300|||||||\u00a0\u00bb header_2_font_size=\u00a0\u00bb40px\u00a0\u00bb header_2_line_height=\u00a0\u00bb1.2em\u00a0\u00bb header_3_font=\u00a0\u00bbMontserrat|700||on|||||\u00a0\u00bb header_3_text_color=\u00a0\u00bb#f9002b\u00a0\u00bb header_3_font_size=\u00a0\u00bb16px\u00a0\u00bb header_3_letter_spacing=\u00a0\u00bb2px\u00a0\u00bb header_3_line_height=\u00a0\u00bb1.4em\u00a0\u00bb background_image=\u00a0\u00bbhttps:\/\/doubleclap.be\/wp-content\/uploads\/2025\/11\/Double-clap02-tramparent-2.png\u00a0\u00bb background_layout=\u00a0\u00bbdark\u00a0\u00bb max_width=\u00a0\u00bb600px\u00a0\u00bb custom_padding=\u00a0\u00bb||113px||false|false\u00a0\u00bb hover_enabled=\u00a0\u00bb0&Prime; header_2_font_size_tablet=\u00a0\u00bb30px\u00a0\u00bb header_2_font_size_phone=\u00a0\u00bb20px\u00a0\u00bb header_2_font_size_last_edited=\u00a0\u00bbon|phone\u00a0\u00bb header_3_font_size_tablet=\u00a0\u00bb14px\u00a0\u00bb header_3_font_size_phone=\u00a0\u00bb\u00a0\u00bb header_3_font_size_last_edited=\u00a0\u00bbon|phone\u00a0\u00bb locked=\u00a0\u00bboff\u00a0\u00bb global_colors_info=\u00a0\u00bb{}\u00a0\u00bb sticky_enabled=\u00a0\u00bb0&Prime;]<\/p>\n<h2><\/h2>\n<p>[\/et_pb_text][\/et_pb_column][et_pb_column type=\u00a0\u00bb1_4&Prime; _builder_version=\u00a0\u00bb4.16&Prime; global_colors_info=\u00a0\u00bb{}\u00a0\u00bb][et_pb_text _builder_version=\u00a0\u00bb4.27.4&Prime; text_line_height=\u00a0\u00bb1.8em\u00a0\u00bb link_text_align=\u00a0\u00bbleft\u00a0\u00bb link_text_color=\u00a0\u00bb#ffffff\u00a0\u00bb header_4_font=\u00a0\u00bbMontserrat|700||on|||||\u00a0\u00bb header_4_text_color=\u00a0\u00bbrgba(255,255,255,0.5)\u00a0\u00bb header_4_font_size=\u00a0\u00bb14px\u00a0\u00bb header_4_letter_spacing=\u00a0\u00bb2px\u00a0\u00bb header_4_line_height=\u00a0\u00bb1.4em\u00a0\u00bb background_layout=\u00a0\u00bbdark\u00a0\u00bb max_width=\u00a0\u00bb600px\u00a0\u00bb locked=\u00a0\u00bboff\u00a0\u00bb global_colors_info=\u00a0\u00bb{}\u00a0\u00bb]<\/p>\n<h4>nos formations<\/h4>\n<p><span>Ateliers d\u2019acting le mardi soir, le mercredi soir, le samedi matin. Formation Pro le jour 520 heures . Formation Pro le soir formule de 6 \u00e0 9 heures semaine. Des stages, des Masters Class.\u00a0<\/span><\/p>\n<p>[\/et_pb_text][\/et_pb_column][et_pb_column type=\u00a0\u00bb1_4&Prime; _builder_version=\u00a0\u00bb4.16&Prime; global_colors_info=\u00a0\u00bb{}\u00a0\u00bb][et_pb_text _builder_version=\u00a0\u00bb4.27.4&Prime; text_line_height=\u00a0\u00bb1.8em\u00a0\u00bb link_text_align=\u00a0\u00bbleft\u00a0\u00bb link_text_color=\u00a0\u00bb#ffffff\u00a0\u00bb header_4_font=\u00a0\u00bbMontserrat|700||on|||||\u00a0\u00bb header_4_text_color=\u00a0\u00bbrgba(255,255,255,0.5)\u00a0\u00bb header_4_font_size=\u00a0\u00bb14px\u00a0\u00bb header_4_letter_spacing=\u00a0\u00bb2px\u00a0\u00bb header_4_line_height=\u00a0\u00bb1.4em\u00a0\u00bb background_layout=\u00a0\u00bbdark\u00a0\u00bb max_width=\u00a0\u00bb600px\u00a0\u00bb locked=\u00a0\u00bboff\u00a0\u00bb global_colors_info=\u00a0\u00bb{}\u00a0\u00bb]<\/p>\n<h4>Movies<\/h4>\n<p>Le dernier train<\/p>\n<p>Intersections<\/p>\n<p>La cage aux oiseaux<\/p>\n<p>Putain d\u2019amendement<\/p>\n<p>Le th\u00e9or\u00e8me du faucon<\/p>\n<p>Time is Time (S\u00e9rie)<\/p>\n<p>[\/et_pb_text][\/et_pb_column][et_pb_column type=\u00a0\u00bb1_4&Prime; _builder_version=\u00a0\u00bb4.16&Prime; global_colors_info=\u00a0\u00bb{}\u00a0\u00bb][et_pb_text _builder_version=\u00a0\u00bb4.27.4&Prime; text_line_height=\u00a0\u00bb1.8em\u00a0\u00bb link_text_align=\u00a0\u00bbleft\u00a0\u00bb link_text_color=\u00a0\u00bb#ffffff\u00a0\u00bb header_4_font=\u00a0\u00bbMontserrat|700||on|||||\u00a0\u00bb header_4_text_color=\u00a0\u00bbrgba(255,255,255,0.5)\u00a0\u00bb header_4_font_size=\u00a0\u00bb14px\u00a0\u00bb header_4_letter_spacing=\u00a0\u00bb2px\u00a0\u00bb header_4_line_height=\u00a0\u00bb1.4em\u00a0\u00bb background_layout=\u00a0\u00bbdark\u00a0\u00bb max_width=\u00a0\u00bb600px\u00a0\u00bb locked=\u00a0\u00bboff\u00a0\u00bb global_colors_info=\u00a0\u00bb{}\u00a0\u00bb]<\/p>\n<h4>Info<\/h4>\n<p>info@doubleclap.be<\/p>\n<p><a href=\"https:\/\/doubleclap.be\/#\">+32\/473\/27.20.91<\/a><\/p>\n<p><a href=\"https:\/\/doubleclap.be\/#\">Formations \u00e0 :<\/a><\/p>\n<p><a href=\"https:\/\/doubleclap.be\/#\">Woluwe-Saint-Lambert<\/a><\/p>\n<p>et Woluwe-Saint-Pierre<\/p>\n<p><span>BCE : 1027293049<\/span><\/p>\n<p>[\/et_pb_text][\/et_pb_column][\/et_pb_row][\/et_pb_section]<\/p>\n","protected":false},"excerpt":{"rendered":"<p>Atelier Master class du mercrediMASTER CLASS avec&#8230;<\/p>\n","protected":false},"author":1,"featured_media":0,"parent":0,"menu_order":0,"comment_status":"closed","ping_status":"closed","template":"","meta":{"_et_pb_use_builder":"on","_et_pb_old_content":"","_et_gb_content_width":"","_kad_post_transparent":"","_kad_post_title":"","_kad_post_layout":"","_kad_post_sidebar_id":"","_kad_post_content_style":"","_kad_post_vertical_padding":"","_kad_post_feature":"","_kad_post_feature_position":"","_kad_post_header":false,"_kad_post_footer":false,"_kad_post_classname":"","footnotes":""},"class_list":["post-288","page","type-page","status-publish","hentry"],"yoast_head":"<!-- This site is optimized with the Yoast SEO plugin v27.5 - https:\/\/yoast.com\/product\/yoast-seo-wordpress\/ -->\n<title>Atelier du mercredi - WordPress<\/title>\n<meta name=\"description\" content=\"Formation jeu face cam\u00e9ra et th\u00e9\u00e2tre-formation professionnelle de l&#039;acteur\" \/>\n<meta name=\"robots\" content=\"index, follow, max-snippet:-1, max-image-preview:large, max-video-preview:-1\" \/>\n<link rel=\"canonical\" href=\"https:\/\/doubleclap.be\/index.php\/face-camera-acting-theatre-acting-art-dramatique\/\" \/>\n<meta property=\"og:locale\" content=\"fr_FR\" \/>\n<meta property=\"og:type\" content=\"article\" \/>\n<meta property=\"og:title\" content=\"Atelier du mercredi - WordPress\" \/>\n<meta property=\"og:description\" content=\"Formation jeu face cam\u00e9ra et th\u00e9\u00e2tre-formation professionnelle de l&#039;acteur\" \/>\n<meta property=\"og:url\" content=\"https:\/\/doubleclap.be\/index.php\/face-camera-acting-theatre-acting-art-dramatique\/\" \/>\n<meta property=\"og:site_name\" content=\"WordPress\" \/>\n<meta property=\"article:modified_time\" content=\"2026-04-18T21:17:48+00:00\" \/>\n<meta name=\"twitter:card\" content=\"summary_large_image\" \/>\n<meta name=\"twitter:site\" content=\"@home\" \/>\n<meta name=\"twitter:label1\" content=\"Dur\u00e9e de lecture estim\u00e9e\" \/>\n\t<meta name=\"twitter:data1\" content=\"2 minutes\" \/>\n<script type=\"application\/ld+json\" class=\"yoast-schema-graph\">{\"@context\":\"https:\\\/\\\/schema.org\",\"@graph\":[{\"@type\":\"WebPage\",\"@id\":\"https:\\\/\\\/doubleclap.be\\\/index.php\\\/face-camera-acting-theatre-acting-art-dramatique\\\/\",\"url\":\"https:\\\/\\\/doubleclap.be\\\/index.php\\\/face-camera-acting-theatre-acting-art-dramatique\\\/\",\"name\":\"Atelier du mercredi - WordPress\",\"isPartOf\":{\"@id\":\"https:\\\/\\\/doubleclap.be\\\/#website\"},\"datePublished\":\"2025-08-12T13:42:18+00:00\",\"dateModified\":\"2026-04-18T21:17:48+00:00\",\"description\":\"Formation jeu face cam\u00e9ra et th\u00e9\u00e2tre-formation professionnelle de l'acteur\",\"breadcrumb\":{\"@id\":\"https:\\\/\\\/doubleclap.be\\\/index.php\\\/face-camera-acting-theatre-acting-art-dramatique\\\/#breadcrumb\"},\"inLanguage\":\"fr-FR\",\"potentialAction\":[{\"@type\":\"ReadAction\",\"target\":[\"https:\\\/\\\/doubleclap.be\\\/index.php\\\/face-camera-acting-theatre-acting-art-dramatique\\\/\"]}]},{\"@type\":\"BreadcrumbList\",\"@id\":\"https:\\\/\\\/doubleclap.be\\\/index.php\\\/face-camera-acting-theatre-acting-art-dramatique\\\/#breadcrumb\",\"itemListElement\":[{\"@type\":\"ListItem\",\"position\":1,\"name\":\"Accueil\",\"item\":\"https:\\\/\\\/doubleclap.be\\\/\"},{\"@type\":\"ListItem\",\"position\":2,\"name\":\"Atelier du mercredi\"}]},{\"@type\":\"WebSite\",\"@id\":\"https:\\\/\\\/doubleclap.be\\\/#website\",\"url\":\"https:\\\/\\\/doubleclap.be\\\/\",\"name\":\"Double Clap\",\"description\":\"\",\"potentialAction\":[{\"@type\":\"SearchAction\",\"target\":{\"@type\":\"EntryPoint\",\"urlTemplate\":\"https:\\\/\\\/doubleclap.be\\\/?s={search_term_string}\"},\"query-input\":{\"@type\":\"PropertyValueSpecification\",\"valueRequired\":true,\"valueName\":\"search_term_string\"}}],\"inLanguage\":\"fr-FR\"}]}<\/script>\n<!-- \/ Yoast SEO plugin. -->","yoast_head_json":{"title":"Atelier du mercredi - WordPress","description":"Formation jeu face cam\u00e9ra et th\u00e9\u00e2tre-formation professionnelle de l'acteur","robots":{"index":"index","follow":"follow","max-snippet":"max-snippet:-1","max-image-preview":"max-image-preview:large","max-video-preview":"max-video-preview:-1"},"canonical":"https:\/\/doubleclap.be\/index.php\/face-camera-acting-theatre-acting-art-dramatique\/","og_locale":"fr_FR","og_type":"article","og_title":"Atelier du mercredi - WordPress","og_description":"Formation jeu face cam\u00e9ra et th\u00e9\u00e2tre-formation professionnelle de l'acteur","og_url":"https:\/\/doubleclap.be\/index.php\/face-camera-acting-theatre-acting-art-dramatique\/","og_site_name":"WordPress","article_modified_time":"2026-04-18T21:17:48+00:00","twitter_card":"summary_large_image","twitter_site":"@home","twitter_misc":{"Dur\u00e9e de lecture estim\u00e9e":"2 minutes"},"schema":{"@context":"https:\/\/schema.org","@graph":[{"@type":"WebPage","@id":"https:\/\/doubleclap.be\/index.php\/face-camera-acting-theatre-acting-art-dramatique\/","url":"https:\/\/doubleclap.be\/index.php\/face-camera-acting-theatre-acting-art-dramatique\/","name":"Atelier du mercredi - WordPress","isPartOf":{"@id":"https:\/\/doubleclap.be\/#website"},"datePublished":"2025-08-12T13:42:18+00:00","dateModified":"2026-04-18T21:17:48+00:00","description":"Formation jeu face cam\u00e9ra et th\u00e9\u00e2tre-formation professionnelle de l'acteur","breadcrumb":{"@id":"https:\/\/doubleclap.be\/index.php\/face-camera-acting-theatre-acting-art-dramatique\/#breadcrumb"},"inLanguage":"fr-FR","potentialAction":[{"@type":"ReadAction","target":["https:\/\/doubleclap.be\/index.php\/face-camera-acting-theatre-acting-art-dramatique\/"]}]},{"@type":"BreadcrumbList","@id":"https:\/\/doubleclap.be\/index.php\/face-camera-acting-theatre-acting-art-dramatique\/#breadcrumb","itemListElement":[{"@type":"ListItem","position":1,"name":"Accueil","item":"https:\/\/doubleclap.be\/"},{"@type":"ListItem","position":2,"name":"Atelier du mercredi"}]},{"@type":"WebSite","@id":"https:\/\/doubleclap.be\/#website","url":"https:\/\/doubleclap.be\/","name":"Double Clap","description":"","potentialAction":[{"@type":"SearchAction","target":{"@type":"EntryPoint","urlTemplate":"https:\/\/doubleclap.be\/?s={search_term_string}"},"query-input":{"@type":"PropertyValueSpecification","valueRequired":true,"valueName":"search_term_string"}}],"inLanguage":"fr-FR"}]}},"_links":{"self":[{"href":"https:\/\/doubleclap.be\/index.php\/wp-json\/wp\/v2\/pages\/288","targetHints":{"allow":["GET"]}}],"collection":[{"href":"https:\/\/doubleclap.be\/index.php\/wp-json\/wp\/v2\/pages"}],"about":[{"href":"https:\/\/doubleclap.be\/index.php\/wp-json\/wp\/v2\/types\/page"}],"author":[{"embeddable":true,"href":"https:\/\/doubleclap.be\/index.php\/wp-json\/wp\/v2\/users\/1"}],"replies":[{"embeddable":true,"href":"https:\/\/doubleclap.be\/index.php\/wp-json\/wp\/v2\/comments?post=288"}],"version-history":[{"count":13,"href":"https:\/\/doubleclap.be\/index.php\/wp-json\/wp\/v2\/pages\/288\/revisions"}],"predecessor-version":[{"id":909,"href":"https:\/\/doubleclap.be\/index.php\/wp-json\/wp\/v2\/pages\/288\/revisions\/909"}],"wp:attachment":[{"href":"https:\/\/doubleclap.be\/index.php\/wp-json\/wp\/v2\/media?parent=288"}],"curies":[{"name":"wp","href":"https:\/\/api.w.org\/{rel}","templated":true}]}}